{"id":28579,"date":"2017-02-20T16:14:31","date_gmt":"2017-02-20T15:14:31","guid":{"rendered":"http:\/\/mxajfmgl.preview.infomaniak.website\/?p=28579"},"modified":"2018-06-13T15:49:28","modified_gmt":"2018-06-13T13:49:28","slug":"forets","status":"publish","type":"page","link":"http:\/\/sodefor.net\/en\/forets\/","title":{"rendered":"The Forests"},"content":{"rendered":"<div data-elementor-type=\"wp-post\" data-elementor-id=\"28579\" class=\"elementor elementor-28579 elementor-bc-flex-widget\" data-elementor-settings=\"[]\">\n\t\t\t\t\t\t<div class=\"elementor-inner\">\n\t\t\t\t\t\t\t<div class=\"elementor-section-wrap\">\n\t\t\t\t\t\t\t<section class=\"elementor-section elementor-top-section elementor-element elementor-element-3ac6833 elementor-section-boxed elementor-section-height-default elementor-section-height-default\" data-id=\"3ac6833\" data-element_type=\"section\">\n\t\t\t\t\t\t<div class=\"elementor-container elementor-column-gap-default\">\n\t\t\t\t\t\t\t<div class=\"elementor-row\">\n\t\t\t\t\t<div class=\"elementor-column elementor-col-100 elementor-top-column elementor-element elementor-element-ae7928f\" data-id=\"ae7928f\" data-element_type=\"column\">\n\t\t\t<div class=\"elementor-column-wrap elementor-element-populated\">\n\t\t\t\t\t\t\t<div class=\"elementor-widget-wrap\">\n\t\t\t\t\t\t<div class=\"elementor-element elementor-element-18c13d6 elementor-widget elementor-widget-image\" data-id=\"18c13d6\" data-element_type=\"widget\" data-widget_type=\"image.default\">\n\t\t\t\t<div class=\"elementor-widget-container\">\n\t\t\t\t\t<div class=\"elementor-image\">\n\t\t\t\t\t\t\t\t\t\t<img width=\"840\" height=\"560\" src=\"http:\/\/sodefor.net\/wp-content\/uploads\/2018\/05\/RDC_051-1024x683.jpg\" class=\"attachment-large size-large\" alt=\"\" loading=\"lazy\" srcset=\"http:\/\/sodefor.net\/wp-content\/uploads\/2018\/05\/RDC_051-1024x683.jpg 1024w, http:\/\/sodefor.net\/wp-content\/uploads\/2018\/05\/RDC_051-300x200.jpg 300w, http:\/\/sodefor.net\/wp-content\/uploads\/2018\/05\/RDC_051-768x512.jpg 768w, http:\/\/sodefor.net\/wp-content\/uploads\/2018\/05\/RDC_051-1170x780.jpg 1170w\" sizes=\"(max-width: 840px) 100vw, 840px\" \/>\t\t\t\t\t\t\t\t\t\t\t<\/div>\n\t\t\t\t<\/div>\n\t\t\t\t<\/div>\n\t\t\t\t\t\t<\/div>\n\t\t\t\t\t<\/div>\n\t\t<\/div>\n\t\t\t\t\t\t\t\t<\/div>\n\t\t\t\t\t<\/div>\n\t\t<\/section>\n\t\t\t\t<section class=\"elementor-section elementor-top-section elementor-element elementor-element-0ec778b elementor-section-boxed elementor-section-height-default elementor-section-height-default\" data-id=\"0ec778b\" data-element_type=\"section\">\n\t\t\t\t\t\t<div class=\"elementor-container elementor-column-gap-default\">\n\t\t\t\t\t\t\t<div class=\"elementor-row\">\n\t\t\t\t\t<div class=\"elementor-column elementor-col-100 elementor-top-column elementor-element elementor-element-4864ec6\" data-id=\"4864ec6\" data-element_type=\"column\">\n\t\t\t<div class=\"elementor-column-wrap elementor-element-populated\">\n\t\t\t\t\t\t\t<div class=\"elementor-widget-wrap\">\n\t\t\t\t\t\t<div class=\"elementor-element elementor-element-75f9fa5 elementor-widget elementor-widget-text-editor\" data-id=\"75f9fa5\" data-element_type=\"widget\" data-widget_type=\"text-editor.default\">\n\t\t\t\t<div class=\"elementor-widget-container\">\n\t\t\t\t\t<div class=\"elementor-text-editor elementor-clearfix\"><p>The Democratic Republic of the Congo possesses over 155 million hectares of natural forests, which cover around 60% of the country, and constitute 10% of the world\u2019s tropical forests and around 40% of those in Africa. These forest areas are composed of: basin forests, dense mountain forests, dense tropophilous forests, open forests and gallery forests, transitional forests, savannas, and mangroves.<\/p><p>These forests are home to an immense diversity of plant and biological species, and therefore constitute an important asset for the country\u2019s development. This diversity includes around 480 species of mammals, 1,090 species of birds, 220 species of amphibians, 350 species of reptiles, and more than 10,000 species of flowering plants, of which around 3,000 are considered endemic. This rich flora has been recorded and is distributed across around eleven forest ecosystems. It is entirely or partially protected and managed through a system of protected areas and other management units comprising 8 national parks, 57 reserves and hunting grounds, 3 biosphere reserves, 117 production forest reserves, 3 zoological gardens, and 3 botanical gardens (Source: FAO).<\/p><p>Source: Carte de l\u2019occupation du sol de la R\u00e9publique D\u00e9mocratique du Congo, UCL-Geomatics (Louvain-la-Neuve, Belgique) 2006.<\/p><\/div>\n\t\t\t\t<\/div>\n\t\t\t\t<\/div>\n\t\t\t\t\t\t<\/div>\n\t\t\t\t\t<\/div>\n\t\t<\/div>\n\t\t\t\t\t\t\t\t<\/div>\n\t\t\t\t\t<\/div>\n\t\t<\/section>\n\t\t\t\t<section class=\"elementor-section elementor-top-section elementor-element elementor-element-46241f2 elementor-section-boxed elementor-section-height-default elementor-section-height-default\" data-id=\"46241f2\" data-element_type=\"section\">\n\t\t\t\t\t\t<div class=\"elementor-container elementor-column-gap-default\">\n\t\t\t\t\t\t\t<div class=\"elementor-row\">\n\t\t\t\t\t<div class=\"elementor-column elementor-col-100 elementor-top-column elementor-element elementor-element-fc275d9\" data-id=\"fc275d9\" data-element_type=\"column\">\n\t\t\t<div class=\"elementor-column-wrap elementor-element-populated\">\n\t\t\t\t\t\t\t<div class=\"elementor-widget-wrap\">\n\t\t\t\t\t\t<div class=\"elementor-element elementor-element-ea6eeae elementor-widget elementor-widget-image\" data-id=\"ea6eeae\" data-element_type=\"widget\" data-widget_type=\"image.default\">\n\t\t\t\t<div class=\"elementor-widget-container\">\n\t\t\t\t\t<div class=\"elementor-image\">\n\t\t\t\t\t\t\t\t\t\t<img width=\"840\" height=\"560\" src=\"http:\/\/sodefor.net\/wp-content\/uploads\/2018\/05\/RDC_053-1024x683.jpg\" class=\"attachment-large size-large\" alt=\"\" loading=\"lazy\" srcset=\"http:\/\/sodefor.net\/wp-content\/uploads\/2018\/05\/RDC_053-1024x683.jpg 1024w, http:\/\/sodefor.net\/wp-content\/uploads\/2018\/05\/RDC_053-300x200.jpg 300w, http:\/\/sodefor.net\/wp-content\/uploads\/2018\/05\/RDC_053-768x512.jpg 768w, http:\/\/sodefor.net\/wp-content\/uploads\/2018\/05\/RDC_053-1170x780.jpg 1170w\" sizes=\"(max-width: 840px) 100vw, 840px\" \/>\t\t\t\t\t\t\t\t\t\t\t<\/div>\n\t\t\t\t<\/div>\n\t\t\t\t<\/div>\n\t\t\t\t\t\t<\/div>\n\t\t\t\t\t<\/div>\n\t\t<\/div>\n\t\t\t\t\t\t\t\t<\/div>\n\t\t\t\t\t<\/div>\n\t\t<\/section>\n\t\t\t\t<section class=\"elementor-section elementor-top-section elementor-element elementor-element-3e0a22ad elementor-section-boxed elementor-section-height-default elementor-section-height-default\" data-id=\"3e0a22ad\" data-element_type=\"section\">\n\t\t\t\t\t\t<div class=\"elementor-container elementor-column-gap-default\">\n\t\t\t\t\t\t\t<div class=\"elementor-row\">\n\t\t\t\t\t<div class=\"elementor-column elementor-col-100 elementor-top-column elementor-element elementor-element-6249dd37\" data-id=\"6249dd37\" data-element_type=\"column\">\n\t\t\t<div class=\"elementor-column-wrap elementor-element-populated\">\n\t\t\t\t\t\t\t<div class=\"elementor-widget-wrap\">\n\t\t\t\t\t\t<div class=\"elementor-element elementor-element-12a4bb4e elementor-widget elementor-widget-text-editor\" data-id=\"12a4bb4e\" data-element_type=\"widget\" data-widget_type=\"text-editor.default\">\n\t\t\t\t<div class=\"elementor-widget-container\">\n\t\t\t\t\t<div class=\"elementor-text-editor elementor-clearfix\"><p>The amount of logging is low, with an estimated production potential of around 6 million m3 per year. In fact, fewer than 100,000 forest hectares are allocated per year for forest logging, and fewer than 300,000 m3 are extracted, meaning barely one tree per one to two hectares, making this a low-impact harvesting policy.<\/p><p>In contrast, the volume of softwood lumber production, including the informal logging sector, is thought to reach between three to 4 million m3 per year. This number is extremely low compared to the production of firewood, which is estimated at 82.5 million m3 per year. Softwood lumber logging is mainly done the traditional way (over 90% of the time) and, at a much lower rate, in forest concessions. In fact, one author, Lawson (2014), calculates that traditional logging represents at least 87% of all logging activities, while another, Lescuyer, places that estimate at 93%.<\/p><p>Logging has progressively become concentrated in the most accessible areas (the Mayombe mountain ranges and the central basin, mainly located in the provinces of Lower Congo and Bandundu) and the Eastern Province.<span class=\"Apple-converted-space\">\u00a0<\/span><\/p><p>In addition to softwood lumber, forests contribute to around 90% of the fuel used for the population's energy needs, particularly in large city centers like Kinshasa (around 10,000,000 inhabitants with a total domestic, industrial, and public electricity supply capacity of less than 300MW. The use of firewood has been estimated at around 4 million m3 per year.<\/p><p>Forests are threatened not only by unauthorized logging, but also by shifting cultivation, which is thought to convert an estimated surface of around 532,000 hectares of forests into food production land each year, leading to significant losses in biodiversity. This phenomenon has been aggravated by the massive influxes of refugees during dramatic events in Rwanda in 1994 (more than 2,500,000 refugees in the east and west of the country in Kasa\u00ef and Kivu).<\/p><p>The implementation of measures for the conservation of these 532,000 hectares is a global priority, both for socio-economic development as well as for the preservation of biological diversity and climate regulation (absorption of greenhouse gases).<\/p><h5>Forestry Policies and Supply Management<\/h5><p>In terms of nature conservation, the DRC has signed or ratified 21 international protocols and conventions concerning the environment, of which five are closely related to the management of forest resources:. African Convention on the Conservation of Nature and Natural Resources (1968); United Nations Convention on Climate Change (1992); Convention on Biological Diversity (1992); International Tropical Timber Agreement (1992); and Convention on International Trade in Endangered Species of Wild Flora and Fauna (CITES, 1973).<\/p><p>The African countries have all chosen the industrialization of the timber sector as a priority axis for major development in the forestry sector. Today, advanced wood processing is seen as tool for socio-economic development and the sustainable management of tropical forests.<\/p><p>The members of the African Timber Organization have promoted forestry and industrial policies that place high importance on industrialization. These policies have been translated into forestry laws and regulations, many of which are currently under review.<\/p><\/div>\n\t\t\t\t<\/div>\n\t\t\t\t<\/div>\n\t\t\t\t\t\t<\/div>\n\t\t\t\t\t<\/div>\n\t\t<\/div>\n\t\t\t\t\t\t\t\t<\/div>\n\t\t\t\t\t<\/div>\n\t\t<\/section>\n\t\t\t\t\t\t<\/div>\n\t\t\t\t\t\t<\/div>\n\t\t\t\t\t<\/div>","protected":false},"excerpt":{"rendered":"<p>La R\u00e9publique D\u00e9mocratique du Congo poss\u00e8de environ 155 millions d\u2019hectares de for\u00eats naturelles, avec un taux de couverture de pr\u00e8s de 60% du territoire, soit 10 pour cent de l\u2019ensemble des for\u00eats tropicales du monde et environ 45 pour cent&#8230;<br \/><a class=\"read-more-button\" href=\"http:\/\/sodefor.net\/en\/forets\/\">Read more<\/a><\/p>","protected":false},"author":1,"featured_media":0,"parent":0,"menu_order":0,"comment_status":"closed","ping_status":"closed","template":"","meta":[],"_links":{"self":[{"href":"http:\/\/sodefor.net\/en\/wp-json\/wp\/v2\/pages\/28579"}],"collection":[{"href":"http:\/\/sodefor.net\/en\/wp-json\/wp\/v2\/pages"}],"about":[{"href":"http:\/\/sodefor.net\/en\/wp-json\/wp\/v2\/types\/page"}],"author":[{"embeddable":true,"href":"http:\/\/sodefor.net\/en\/wp-json\/wp\/v2\/users\/1"}],"replies":[{"embeddable":true,"href":"http:\/\/sodefor.net\/en\/wp-json\/wp\/v2\/comments?post=28579"}],"version-history":[{"count":11,"href":"http:\/\/sodefor.net\/en\/wp-json\/wp\/v2\/pages\/28579\/revisions"}],"predecessor-version":[{"id":29433,"href":"http:\/\/sodefor.net\/en\/wp-json\/wp\/v2\/pages\/28579\/revisions\/29433"}],"wp:attachment":[{"href":"http:\/\/sodefor.net\/en\/wp-json\/wp\/v2\/media?parent=28579"}],"curies":[{"name":"wp","href":"https:\/\/api.w.org\/{rel}","templated":true}]}}