{"id":28582,"date":"2017-02-20T16:17:28","date_gmt":"2017-02-20T15:17:28","guid":{"rendered":"http:\/\/mxajfmgl.preview.infomaniak.website\/?p=28582"},"modified":"2018-06-14T12:19:24","modified_gmt":"2018-06-14T10:19:24","slug":"article-2","status":"publish","type":"page","link":"http:\/\/sodefor.net\/en\/article-2\/","title":{"rendered":"Harvest and impact"},"content":{"rendered":"<div data-elementor-type=\"wp-post\" data-elementor-id=\"28582\" class=\"elementor elementor-28582 elementor-bc-flex-widget\" data-elementor-settings=\"[]\">\n\t\t\t\t\t\t<div class=\"elementor-inner\">\n\t\t\t\t\t\t\t<div class=\"elementor-section-wrap\">\n\t\t\t\t\t\t\t<section class=\"elementor-section elementor-top-section elementor-element elementor-element-5b4fc747 elementor-section-boxed elementor-section-height-default elementor-section-height-default\" data-id=\"5b4fc747\" data-element_type=\"section\">\n\t\t\t\t\t\t<div class=\"elementor-container elementor-column-gap-default\">\n\t\t\t\t\t\t\t<div class=\"elementor-row\">\n\t\t\t\t\t<div class=\"elementor-column elementor-col-100 elementor-top-column elementor-element elementor-element-4140401f\" data-id=\"4140401f\" data-element_type=\"column\">\n\t\t\t<div class=\"elementor-column-wrap elementor-element-populated\">\n\t\t\t\t\t\t\t<div class=\"elementor-widget-wrap\">\n\t\t\t\t\t\t<div class=\"elementor-element elementor-element-7c3f12e4 elementor-widget elementor-widget-text-editor\" data-id=\"7c3f12e4\" data-element_type=\"widget\" data-widget_type=\"text-editor.default\">\n\t\t\t\t<div class=\"elementor-widget-container\">\n\t\t\t\t\t<div class=\"elementor-text-editor elementor-clearfix\"><p>Reduced impact logging is composed of measures which diminish negative effects, for humans and the environment, of logging operations.<\/p><p>Developed based on the \u201cRegional Code of practice for reduced impact forest harvesting - in tropical moist forests of West and Central Africa\u201d (FAO 2003), they have been adapted for the Congo and are the subject of an Operations Guide that specifically covers these techniques.<\/p><p>SODEFOR has entirely adopted them, and they are currently implemented throughout all of its concessions and activities.<\/p><h3>Exclusion Zones<\/h3><p>Certain zones within the production areas and adjoining zones are less appropriate for logging than others. In order to protect them, they must be excluded from logging. This allows us to reduce impacts on populations, resources, and the environment.\nThe zones to be excluded are:<br \/>Les zones \u00e0 exclure sont :<\/p><ul><li>Non-operational zones: swamps, steep slopes (30% slopes or greater), and rocky zones;<\/li><li>Zones of cultural or religious importance: sacred trees or forests;<\/li><li>Zones of ecological, scientific, or tourist value: zones of very high flora or fauna diversity, endemic species habitats, unique or fragile habitats, etc.;<\/li><li>Sensitive zones, meaning zones bordering permanent waterways, backwaters, or around swamps. Minimum width of sensitive zones:<\/li><\/ul><table style=\"height: 175px;\" border=\"0\" width=\"488\" cellspacing=\"0\" cellpadding=\"0\" align=\"center\"><tbody><tr><td valign=\"top\" width=\"180\">1. Width &lt; 10m<\/td><td valign=\"top\" width=\"156\">50 m on each side of the river<\/td><\/tr><tr><td valign=\"top\" width=\"180\">2. Ravines<\/td><td valign=\"top\" width=\"156\">10 m on each side<\/td><\/tr><tr><td valign=\"top\" width=\"180\">3. Streams or backwaters<\/td><td valign=\"top\" width=\"156\">20 m on each side<\/td><\/tr><tr><td valign=\"top\" width=\"180\">4. Swamps<\/td><td valign=\"top\" width=\"156\">10 m from the border<\/td><\/tr><tr><td valign=\"top\" width=\"180\">5. Headspring<\/td><td valign=\"top\" width=\"156\">150 m around<\/td><\/tr><\/tbody><\/table><h3>Protected Trees<\/h3><p>Trees that are protected during exploitation are classified into 3 categories:<\/p><p>1. Crop trees: these are the trees that will reconstitute the available volume after one rotation. Consequently, they must be protected so that the volume can be reconstituted. These trees will be marked with \u00d8.<\/p><p>2. Heritage trees: social studies carried out during the development of the Management Plan will identify possible heritage trees. These trees have important social value and must be protected. These trees will be marked with \u201cP\u201d.<\/p><p>3. Seed-bearers from the total amount of saplings numbered when counting the available species, we will subtract certain trees that will serve as seed-bearers. They will also be numbered, but will be marked with \u201cS\u201d during tracking.<\/p><h3>Road network and log yards<\/h3><p>The road network and log yards ensure the evacuation of the forest resources.<\/p><p>They are indispensable but have significant direct and indirect impacts. We are planning and optimizing this network of skid trails and log yards as follows:<\/p><ul><li>By avoiding zones without much wood;<\/li><li>By circumventing areas with steep slopes, swamps, or which are ecologically sensitive, etc.<\/li><li>By limiting the surface area of log yards as much as possible;<\/li><li>By adhering to a maximum of 30m of deforestation for their roads and their allowances;<br \/><div align=\"center\"><img loading=\"lazy\" src=\"http:\/\/sodefor.net\/img\/image_40.jpg\" alt=\"cr\u00e9dit R. Garrigue\" width=\"239\" height=\"166\" vspace=\"10\" \/><\/div><\/li><li>By maintaining canopy bridges at least every 5 kilometers, and opening the windrows<\/li><li>By building and maintaining drainage structures to collect and evacuate water<\/li><li>By avoiding disturbances to rivers and waterways;<\/li><li>By preserving both crop trees and heritage trees during planning.<br \/><div align=\"center\"><img loading=\"lazy\" src=\"http:\/\/sodefor.net\/img\/image_41.jpg\" alt=\"cr\u00e9dit R. Garrigue\" width=\"166\" height=\"239\" align=\"middle\" hspace=\"5\" vspace=\"10\" \/><img loading=\"lazy\" src=\"http:\/\/sodefor.net\/img\/image_42.jpg\" alt=\"cr\u00e9dit R. Garrigue\" width=\"166\" height=\"239\" align=\"middle\" hspace=\"30\" vspace=\"10\" \/><\/div><\/li><\/ul><p>\u00a0<\/p><h3>To build these roads we use:<\/h3><p>. <strong><em>Caterpillar bulldozers<\/em><\/strong> for opening the roads,<\/p><div align=\"left\"><img loading=\"lazy\" src=\"http:\/\/sodefor.net\/img\/image82.jpg\" alt=\"cr\u00e9dit R. Garrigue\" width=\"241\" height=\"168\" vspace=\"10\" \/><\/div><p>. <strong><em>Loaders<\/em><\/strong> to load laterite into trucks<\/p><div align=\"left\"><img loading=\"lazy\" src=\"http:\/\/sodefor.net\/img\/image93.jpg\" alt=\"cr\u00e9dit R. Garrigue\" width=\"241\" height=\"168\" vspace=\"10\" \/><\/div><p>. <strong><em>Dump trucks<\/em><\/strong> to bring laterite in order to refill the roads<\/p><div align=\"left\"><img loading=\"lazy\" src=\"http:\/\/sodefor.net\/img\/image83.jpg\" alt=\"cr\u00e9dit R. Garrigue\" width=\"241\" height=\"168\" vspace=\"10\" \/><\/div><p>. <strong><em>Excavators <\/em><\/strong>to dig ditches and drains<\/p><p>.<strong><em> Levelers<\/em><\/strong> to level the roadway<\/p><div align=\"left\"><img loading=\"lazy\" src=\"http:\/\/sodefor.net\/img\/image85.jpg\" alt=\"cr\u00e9dit R. Garrigue\" width=\"241\" height=\"168\" vspace=\"10\" \/><\/div><p>. <strong><em>Compactors<\/em><\/strong> to pack the soil.<\/p><h3>Controlled Harvest<\/h3><p>Harvesting is an essential operation in logging. It must be done securely, while preserving the maximum amount of crop saplings which could be damaged when a tree falls. To do this, every year since October 2005 we have carried out trainings. The technique taught during these trainings and which is now in force can be broken out into the following steps:<\/p><ul><li>Determine the direction in which the tree will fall using precise analysis of the tree\u2019s asymmetrical areas;<br \/><div align=\"center\"><img loading=\"lazy\" src=\"http:\/\/sodefor.net\/img\/Image_29.jpg\" alt=\"cr\u00e9dit R. Garrigue\" width=\"166\" height=\"239\" vspace=\"10\" \/><\/div><\/li><li>Identify compression and tension zones in order for felling to focus on compression zones;<\/li><\/ul><p>\u00a0<\/p><ul><li>Clean the shaft at the felling height (remove termite mounds, vines...) and clear a pathway in the felling ground.<br \/><div align=\"center\"><img loading=\"lazy\" src=\"http:\/\/sodefor.net\/img\/image_30.jpg\" alt=\"cr\u00e9dit B. Barbiche\" width=\"239\" height=\"166\" align=\"middle\" hspace=\"5\" vspace=\"10\" \/><img loading=\"lazy\" src=\"http:\/\/sodefor.net\/img\/image31.jpg\" alt=\"cr\u00e9dit B. Barbiche\" width=\"168\" height=\"241\" align=\"middle\" hspace=\"30\" vspace=\"10\" \/><\/div><div align=\"center\">\u00a0<\/div><\/li><li>Fell the tree from as low as possible for trees without significant buttress roots.<br \/><div align=\"center\"><img loading=\"lazy\" src=\"http:\/\/sodefor.net\/img\/image_32.jpg\" alt=\"cr\u00e9dit R. Garrigue\" width=\"239\" height=\"166\" vspace=\"10\" \/><\/div><\/li><li>If necessary, trim these down (remove buttress roots which impede cutting);<br \/><div align=\"center\"><img loading=\"lazy\" src=\"http:\/\/sodefor.net\/img\/image_33.jpg\" alt=\"cr\u00e9dit R. Garrigue\" width=\"166\" height=\"239\" vspace=\"10\" \/><\/div><\/li><li>Perform a sufficient directional cut: a depth of 1\/5 to 1\/3 of the trunk\u2019s diameter;<br \/><div align=\"center\"><img loading=\"lazy\" src=\"http:\/\/sodefor.net\/img\/image_34.jpg\" alt=\"cr\u00e9dit R. Garrigue\" width=\"239\" height=\"166\" vspace=\"10\" \/><\/div><\/li><li>Perform a felling cut (except for small trees of less than 40cm in diameter when clearing a road) or a mortise cut for large trees;<br \/><div align=\"center\"><img loading=\"lazy\" src=\"http:\/\/sodefor.net\/img\/image_108.jpg\" alt=\"cr\u00e9dit R. Garrigue\" width=\"241\" height=\"168\" vspace=\"10\" \/><\/div><\/li><li>Create an appropriate hinge;<br \/><div align=\"center\"><img loading=\"lazy\" src=\"http:\/\/sodefor.net\/img\/image_35.jpg\" alt=\"cr\u00e9dit R. Garrigue\" width=\"239\" height=\"166\" vspace=\"10\" \/><\/div><\/li><li>Remove holding wood to cause the tree to fall.<br \/><div align=\"center\"><img loading=\"lazy\" src=\"http:\/\/sodefor.net\/img\/image_37.jpg\" alt=\"cr\u00e9dit B. Barbiche\" width=\"239\" height=\"166\" align=\"middle\" hspace=\"5\" vspace=\"10\" \/><img loading=\"lazy\" src=\"http:\/\/sodefor.net\/img\/image_38.jpg\" alt=\"cr\u00e9dit B. Barbiche\" width=\"166\" height=\"239\" align=\"middle\" hspace=\"30\" vspace=\"10\" \/><\/div><\/li><\/ul><h3>Clearing and skidding<\/h3><p>Clearing and skidding are the first steps in transporting wood to the log yard, or more precisely from the felling site to the loading area. The impact of these two steps are always very negative and cause damage to the ground and the remaining population. These inevitable impacts have been reduced, however:<\/p><ul><li>By plotting the optimal skidding path for the logs (the straightest and least wide) while avoiding too tight bends;<\/li><li>By avoiding protected trees;<\/li><li>By crossing as few waterways as possible, and if this is impossible, taking precautions (log bed, perpendicular to the bank, passing over a rocky bed, etc.);<\/li><li>By limiting the use of bulldozers in clearing or prolonged clearing, including choosing other methods of extraction in case of steep slopes;<\/li><li>By using winches and cables for skidding, if the log\u2019s size and weight allow it.<\/li><\/ul><h3>Post-logging operations<\/h3><p>In order to leave production areas in a state that facilitates their regeneration and to avoid any additional damage to the environment, we perform certain operations after logging;<\/p><ul><li>Restoring skidding paths and logyards;<\/li><li>Removing all processing debris or obstacles to free water flow in riverbank protection areas;<\/li><li>Closing roads that will not be used again before the second rotation (the time lapse during which we let the forest regenerate, or 25 years). Closing roads can be done using logs, digging ditches, or by installing locked barriers.<\/li><\/ul><\/div>\n\t\t\t\t<\/div>\n\t\t\t\t<\/div>\n\t\t\t\t\t\t<\/div>\n\t\t\t\t\t<\/div>\n\t\t<\/div>\n\t\t\t\t\t\t\t\t<\/div>\n\t\t\t\t\t<\/div>\n\t\t<\/section>\n\t\t\t\t\t\t<\/div>\n\t\t\t\t\t\t<\/div>\n\t\t\t\t\t<\/div>","protected":false},"excerpt":{"rendered":"<p>L\u2019exploitation foresti\u00e8re \u00e0 impact r\u00e9duit est constitu\u00e9e de l\u2019ensemble des mesures permettant de diminuer les impacts n\u00e9gatifs, pour l\u2019homme et l\u2019environnement, des op\u00e9rations d\u2019exploitation foresti\u00e8re. D\u00e9velopp\u00e9es \u00e0 partir du Code r\u00e9gional d\u2019exploitation \u00e0 faible impact dans les for\u00eats denses humides&#8230;<br \/><a class=\"read-more-button\" href=\"http:\/\/sodefor.net\/en\/article-2\/\">Read more<\/a><\/p>","protected":false},"author":1,"featured_media":0,"parent":0,"menu_order":0,"comment_status":"closed","ping_status":"open","template":"","meta":[],"_links":{"self":[{"href":"http:\/\/sodefor.net\/en\/wp-json\/wp\/v2\/pages\/28582"}],"collection":[{"href":"http:\/\/sodefor.net\/en\/wp-json\/wp\/v2\/pages"}],"about":[{"href":"http:\/\/sodefor.net\/en\/wp-json\/wp\/v2\/types\/page"}],"author":[{"embeddable":true,"href":"http:\/\/sodefor.net\/en\/wp-json\/wp\/v2\/users\/1"}],"replies":[{"embeddable":true,"href":"http:\/\/sodefor.net\/en\/wp-json\/wp\/v2\/comments?post=28582"}],"version-history":[{"count":6,"href":"http:\/\/sodefor.net\/en\/wp-json\/wp\/v2\/pages\/28582\/revisions"}],"predecessor-version":[{"id":29448,"href":"http:\/\/sodefor.net\/en\/wp-json\/wp\/v2\/pages\/28582\/revisions\/29448"}],"wp:attachment":[{"href":"http:\/\/sodefor.net\/en\/wp-json\/wp\/v2\/media?parent=28582"}],"curies":[{"name":"wp","href":"https:\/\/api.w.org\/{rel}","templated":true}]}}