{"id":29259,"date":"2018-05-22T21:00:15","date_gmt":"2018-05-22T19:00:15","guid":{"rendered":"http:\/\/clwirlmh.preview.infomaniak.website\/?p=29259"},"modified":"2018-05-24T10:31:03","modified_gmt":"2018-05-24T08:31:03","slug":"environnement-et-social","status":"publish","type":"page","link":"http:\/\/sodefor.net\/en\/environnement-et-social\/","title":{"rendered":"Environmental and Social"},"content":{"rendered":"<div data-elementor-type=\"wp-post\" data-elementor-id=\"29259\" class=\"elementor elementor-29259 elementor-bc-flex-widget\" data-elementor-settings=\"[]\">\n\t\t\t\t\t\t<div class=\"elementor-inner\">\n\t\t\t\t\t\t\t<div class=\"elementor-section-wrap\">\n\t\t\t\t\t\t\t<section class=\"elementor-section elementor-top-section elementor-element elementor-element-c53695f elementor-section-boxed elementor-section-height-default elementor-section-height-default\" data-id=\"c53695f\" data-element_type=\"section\">\n\t\t\t\t\t\t<div class=\"elementor-container elementor-column-gap-default\">\n\t\t\t\t\t\t\t<div class=\"elementor-row\">\n\t\t\t\t\t<div class=\"elementor-column elementor-col-100 elementor-top-column elementor-element elementor-element-a2ab903\" data-id=\"a2ab903\" data-element_type=\"column\">\n\t\t\t<div class=\"elementor-column-wrap elementor-element-populated\">\n\t\t\t\t\t\t\t<div class=\"elementor-widget-wrap\">\n\t\t\t\t\t\t<div class=\"elementor-element elementor-element-b063fa3 elementor-widget elementor-widget-text-editor\" data-id=\"b063fa3\" data-element_type=\"widget\" data-widget_type=\"text-editor.default\">\n\t\t\t\t<div class=\"elementor-widget-container\">\n\t\t\t\t\t<div class=\"elementor-text-editor elementor-clearfix\"><p>With the support of the WWF\u2019s Biodiversity and Forest Program, since 2012 SODEFOR has implemented a wide network of two types of nurseries:<\/p><ul><li>School nurseries, which produce fruit-bearing trees which will then be transplanted to their plots.<\/li><li>Community nurseries, which produce woodland trees (Iroko, Padouk, Wenge, Bilinga, etc.) to restore degraded sites.<\/li><\/ul><p>As of today, more than 20,000 plants have been produced and transplanted<\/p><\/div>\n\t\t\t\t<\/div>\n\t\t\t\t<\/div>\n\t\t\t\t\t\t<\/div>\n\t\t\t\t\t<\/div>\n\t\t<\/div>\n\t\t\t\t\t\t\t\t<\/div>\n\t\t\t\t\t<\/div>\n\t\t<\/section>\n\t\t\t\t<section class=\"elementor-section elementor-top-section elementor-element elementor-element-f870246 elementor-section-boxed elementor-section-height-default elementor-section-height-default\" data-id=\"f870246\" data-element_type=\"section\">\n\t\t\t\t\t\t<div class=\"elementor-container elementor-column-gap-default\">\n\t\t\t\t\t\t\t<div class=\"elementor-row\">\n\t\t\t\t\t<div class=\"elementor-column elementor-col-100 elementor-top-column elementor-element elementor-element-43bac61\" data-id=\"43bac61\" data-element_type=\"column\">\n\t\t\t<div class=\"elementor-column-wrap elementor-element-populated\">\n\t\t\t\t\t\t\t<div class=\"elementor-widget-wrap\">\n\t\t\t\t\t\t<div class=\"elementor-element elementor-element-fe9ee80 elementor-widget elementor-widget-image\" data-id=\"fe9ee80\" data-element_type=\"widget\" data-widget_type=\"image.default\">\n\t\t\t\t<div class=\"elementor-widget-container\">\n\t\t\t\t\t<div class=\"elementor-image\">\n\t\t\t\t\t\t\t\t\t\t<img width=\"840\" height=\"254\" src=\"http:\/\/sodefor.net\/wp-content\/uploads\/2018\/05\/T6-6-plant-1024x310.jpg\" class=\"attachment-large size-large\" alt=\"\" loading=\"lazy\" srcset=\"http:\/\/sodefor.net\/wp-content\/uploads\/2018\/05\/T6-6-plant-1024x310.jpg 1024w, http:\/\/sodefor.net\/wp-content\/uploads\/2018\/05\/T6-6-plant-300x91.jpg 300w, http:\/\/sodefor.net\/wp-content\/uploads\/2018\/05\/T6-6-plant-768x232.jpg 768w, http:\/\/sodefor.net\/wp-content\/uploads\/2018\/05\/T6-6-plant-1170x354.jpg 1170w, http:\/\/sodefor.net\/wp-content\/uploads\/2018\/05\/T6-6-plant.jpg 1240w\" sizes=\"(max-width: 840px) 100vw, 840px\" \/>\t\t\t\t\t\t\t\t\t\t\t<\/div>\n\t\t\t\t<\/div>\n\t\t\t\t<\/div>\n\t\t\t\t\t\t<\/div>\n\t\t\t\t\t<\/div>\n\t\t<\/div>\n\t\t\t\t\t\t\t\t<\/div>\n\t\t\t\t\t<\/div>\n\t\t<\/section>\n\t\t\t\t<section class=\"elementor-section elementor-top-section elementor-element elementor-element-be8a4cf elementor-section-boxed elementor-section-height-default elementor-section-height-default\" data-id=\"be8a4cf\" data-element_type=\"section\">\n\t\t\t\t\t\t<div class=\"elementor-container elementor-column-gap-default\">\n\t\t\t\t\t\t\t<div class=\"elementor-row\">\n\t\t\t\t\t<div class=\"elementor-column elementor-col-100 elementor-top-column elementor-element elementor-element-7fc09fa\" data-id=\"7fc09fa\" data-element_type=\"column\">\n\t\t\t<div class=\"elementor-column-wrap elementor-element-populated\">\n\t\t\t\t\t\t\t<div class=\"elementor-widget-wrap\">\n\t\t\t\t\t\t<div class=\"elementor-element elementor-element-2f93c9e elementor-widget elementor-widget-image\" data-id=\"2f93c9e\" data-element_type=\"widget\" data-widget_type=\"image.default\">\n\t\t\t\t<div class=\"elementor-widget-container\">\n\t\t\t\t\t<div class=\"elementor-image\">\n\t\t\t\t\t\t\t\t\t\t<img width=\"840\" height=\"371\" src=\"http:\/\/sodefor.net\/wp-content\/uploads\/2018\/05\/T6-6-plant2-1024x452.jpg\" class=\"attachment-large size-large\" alt=\"\" loading=\"lazy\" srcset=\"http:\/\/sodefor.net\/wp-content\/uploads\/2018\/05\/T6-6-plant2-1024x452.jpg 1024w, http:\/\/sodefor.net\/wp-content\/uploads\/2018\/05\/T6-6-plant2-300x132.jpg 300w, http:\/\/sodefor.net\/wp-content\/uploads\/2018\/05\/T6-6-plant2-768x339.jpg 768w, http:\/\/sodefor.net\/wp-content\/uploads\/2018\/05\/T6-6-plant2-1170x516.jpg 1170w, http:\/\/sodefor.net\/wp-content\/uploads\/2018\/05\/T6-6-plant2.jpg 1308w\" sizes=\"(max-width: 840px) 100vw, 840px\" \/>\t\t\t\t\t\t\t\t\t\t\t<\/div>\n\t\t\t\t<\/div>\n\t\t\t\t<\/div>\n\t\t\t\t\t\t<\/div>\n\t\t\t\t\t<\/div>\n\t\t<\/div>\n\t\t\t\t\t\t\t\t<\/div>\n\t\t\t\t\t<\/div>\n\t\t<\/section>\n\t\t\t\t<section class=\"elementor-section elementor-top-section elementor-element elementor-element-39d3afc elementor-section-boxed elementor-section-height-default elementor-section-height-default\" data-id=\"39d3afc\" data-element_type=\"section\">\n\t\t\t\t\t\t<div class=\"elementor-container elementor-column-gap-default\">\n\t\t\t\t\t\t\t<div class=\"elementor-row\">\n\t\t\t\t\t<div class=\"elementor-column elementor-col-100 elementor-top-column elementor-element elementor-element-b1680f4\" data-id=\"b1680f4\" data-element_type=\"column\">\n\t\t\t<div class=\"elementor-column-wrap elementor-element-populated\">\n\t\t\t\t\t\t\t<div class=\"elementor-widget-wrap\">\n\t\t\t\t\t\t<div class=\"elementor-element elementor-element-b94fbe5 elementor-widget elementor-widget-text-editor\" data-id=\"b94fbe5\" data-element_type=\"widget\" data-widget_type=\"text-editor.default\">\n\t\t\t\t<div class=\"elementor-widget-container\">\n\t\t\t\t\t<div class=\"elementor-text-editor elementor-clearfix\"><p>Sodefor has developed and implemented a specific policy for the indigenous populations which aims to preserve their identities while allowing them to participate in the development of their territory.<\/p><p>We worked with the WWF to carry out several studies in the concessions in which these indigenous people live, and action plans were developed.<\/p><p>Many of Sodefor's workers are indigenous, and they hold diverse positions.<\/p><p>Furthermore, Sodefor implements an open recruitment policy that is free from any type of discrimination.<\/p><p>The company also provides free electricity for social measures (for example, eye doctors visiting Nioki, and many other local development operations), as well as water and wood for domestic household use.<\/p><p>Installation of satellite dishes for television access.<\/p><p>Sodefor contributes to the emancipation of women and women's rights (GENDER aspects).<br \/>The women who work at Sodefor hold high-responsibility and high-value positions.<\/p><\/div>\n\t\t\t\t<\/div>\n\t\t\t\t<\/div>\n\t\t\t\t\t\t<\/div>\n\t\t\t\t\t<\/div>\n\t\t<\/div>\n\t\t\t\t\t\t\t\t<\/div>\n\t\t\t\t\t<\/div>\n\t\t<\/section>\n\t\t\t\t<section class=\"elementor-section elementor-top-section elementor-element elementor-element-8caba38 elementor-section-boxed elementor-section-height-default elementor-section-height-default\" data-id=\"8caba38\" data-element_type=\"section\">\n\t\t\t\t\t\t<div class=\"elementor-container elementor-column-gap-default\">\n\t\t\t\t\t\t\t<div class=\"elementor-row\">\n\t\t\t\t\t<div class=\"elementor-column elementor-col-100 elementor-top-column elementor-element elementor-element-3f703c1\" data-id=\"3f703c1\" data-element_type=\"column\">\n\t\t\t<div class=\"elementor-column-wrap elementor-element-populated\">\n\t\t\t\t\t\t\t<div class=\"elementor-widget-wrap\">\n\t\t\t\t\t\t<div class=\"elementor-element elementor-element-77891b3 elementor-widget elementor-widget-image\" data-id=\"77891b3\" data-element_type=\"widget\" data-widget_type=\"image.default\">\n\t\t\t\t<div class=\"elementor-widget-container\">\n\t\t\t\t\t<div class=\"elementor-image\">\n\t\t\t\t\t\t\t\t\t\t<img width=\"840\" height=\"336\" src=\"http:\/\/sodefor.net\/wp-content\/uploads\/2018\/05\/T6-6-fem-1024x410.jpg\" class=\"attachment-large size-large\" alt=\"\" loading=\"lazy\" srcset=\"http:\/\/sodefor.net\/wp-content\/uploads\/2018\/05\/T6-6-fem-1024x410.jpg 1024w, http:\/\/sodefor.net\/wp-content\/uploads\/2018\/05\/T6-6-fem-300x120.jpg 300w, http:\/\/sodefor.net\/wp-content\/uploads\/2018\/05\/T6-6-fem-768x308.jpg 768w, http:\/\/sodefor.net\/wp-content\/uploads\/2018\/05\/T6-6-fem-1170x469.jpg 1170w, http:\/\/sodefor.net\/wp-content\/uploads\/2018\/05\/T6-6-fem.jpg 1240w\" sizes=\"(max-width: 840px) 100vw, 840px\" \/>\t\t\t\t\t\t\t\t\t\t\t<\/div>\n\t\t\t\t<\/div>\n\t\t\t\t<\/div>\n\t\t\t\t\t\t<\/div>\n\t\t\t\t\t<\/div>\n\t\t<\/div>\n\t\t\t\t\t\t\t\t<\/div>\n\t\t\t\t\t<\/div>\n\t\t<\/section>\n\t\t\t\t\t\t<\/div>\n\t\t\t\t\t\t<\/div>\n\t\t\t\t\t<\/div>","protected":false},"excerpt":{"rendered":"<p>Avec l\u2019aide du Programme Biodiversit\u00e9 et For\u00eat du WWF, la SODEFOR a mis en place depuis 2012 un vaste r\u00e9seau de p\u00e9pini\u00e8res de deux types\u00a0: P\u00e9pini\u00e8res scolaires destin\u00e9es \u00e0 produire des arbres fruitiers qui seront ensuite transplant\u00e9s dans leurs parcelles&#8230;<br \/><a class=\"read-more-button\" href=\"http:\/\/sodefor.net\/en\/environnement-et-social\/\">Read more<\/a><\/p>","protected":false},"author":1,"featured_media":0,"parent":0,"menu_order":0,"comment_status":"closed","ping_status":"closed","template":"","meta":[],"_links":{"self":[{"href":"http:\/\/sodefor.net\/en\/wp-json\/wp\/v2\/pages\/29259"}],"collection":[{"href":"http:\/\/sodefor.net\/en\/wp-json\/wp\/v2\/pages"}],"about":[{"href":"http:\/\/sodefor.net\/en\/wp-json\/wp\/v2\/types\/page"}],"author":[{"embeddable":true,"href":"http:\/\/sodefor.net\/en\/wp-json\/wp\/v2\/users\/1"}],"replies":[{"embeddable":true,"href":"http:\/\/sodefor.net\/en\/wp-json\/wp\/v2\/comments?post=29259"}],"version-history":[{"count":3,"href":"http:\/\/sodefor.net\/en\/wp-json\/wp\/v2\/pages\/29259\/revisions"}],"predecessor-version":[{"id":29359,"href":"http:\/\/sodefor.net\/en\/wp-json\/wp\/v2\/pages\/29259\/revisions\/29359"}],"wp:attachment":[{"href":"http:\/\/sodefor.net\/en\/wp-json\/wp\/v2\/media?parent=29259"}],"curies":[{"name":"wp","href":"https:\/\/api.w.org\/{rel}","templated":true}]}}