{"id":29267,"date":"2018-05-22T21:33:51","date_gmt":"2018-05-22T19:33:51","guid":{"rendered":"http:\/\/clwirlmh.preview.infomaniak.website\/?p=29267"},"modified":"2018-05-24T12:52:14","modified_gmt":"2018-05-24T10:52:14","slug":"realisations-social","status":"publish","type":"page","link":"http:\/\/sodefor.net\/en\/realisations-social\/","title":{"rendered":"Achievements"},"content":{"rendered":"<div data-elementor-type=\"wp-post\" data-elementor-id=\"29267\" class=\"elementor elementor-29267 elementor-bc-flex-widget\" data-elementor-settings=\"[]\">\n\t\t\t\t\t\t<div class=\"elementor-inner\">\n\t\t\t\t\t\t\t<div class=\"elementor-section-wrap\">\n\t\t\t\t\t\t\t<section class=\"elementor-section elementor-top-section elementor-element elementor-element-e69d745 elementor-section-boxed elementor-section-height-default elementor-section-height-default\" data-id=\"e69d745\" data-element_type=\"section\">\n\t\t\t\t\t\t<div class=\"elementor-container elementor-column-gap-default\">\n\t\t\t\t\t\t\t<div class=\"elementor-row\">\n\t\t\t\t\t<div class=\"elementor-column elementor-col-100 elementor-top-column elementor-element elementor-element-6c81ca4\" data-id=\"6c81ca4\" data-element_type=\"column\">\n\t\t\t<div class=\"elementor-column-wrap elementor-element-populated\">\n\t\t\t\t\t\t\t<div class=\"elementor-widget-wrap\">\n\t\t\t\t\t\t<div class=\"elementor-element elementor-element-5f1f92f elementor-widget elementor-widget-text-editor\" data-id=\"5f1f92f\" data-element_type=\"widget\" data-widget_type=\"text-editor.default\">\n\t\t\t\t<div class=\"elementor-widget-container\">\n\t\t\t\t\t<div class=\"elementor-text-editor elementor-clearfix\"><p><span style=\"font-size: 14px; font-family: 'PT Sans', Arial, Helvetica, sans-serif;\">Sodefor is aware of its responsibilities in the sustainable management of the natural resources that have been entrusted to it by the Democratic Republic of the Congo, and since its creation, it has voluntarily contributed to local development and the improvement of people\u2019s social conditions, including through infrastructure projects:<\/span><\/p><ul><li>Schools (primary and secondary)<\/li><li>Health Centers\/Dispensaries<\/li><li>Roads and Bridges<\/li><li>Access to pure drinking water<\/li><li>Transport<\/li><li>Environment and social<\/li><li>Health<\/li><li>Education<\/li><li>Miscellaneous<\/li><\/ul><\/div>\n\t\t\t\t<\/div>\n\t\t\t\t<\/div>\n\t\t\t\t\t\t<\/div>\n\t\t\t\t\t<\/div>\n\t\t<\/div>\n\t\t\t\t\t\t\t\t<\/div>\n\t\t\t\t\t<\/div>\n\t\t<\/section>\n\t\t\t\t<section class=\"elementor-section elementor-top-section elementor-element elementor-element-8c86170 elementor-section-boxed elementor-section-height-default elementor-section-height-default\" data-id=\"8c86170\" data-element_type=\"section\">\n\t\t\t\t\t\t<div class=\"elementor-container elementor-column-gap-default\">\n\t\t\t\t\t\t\t<div class=\"elementor-row\">\n\t\t\t\t\t<div class=\"elementor-column elementor-col-100 elementor-top-column elementor-element elementor-element-0a34abe\" data-id=\"0a34abe\" data-element_type=\"column\">\n\t\t\t<div class=\"elementor-column-wrap elementor-element-populated\">\n\t\t\t\t\t\t\t<div class=\"elementor-widget-wrap\">\n\t\t\t\t\t\t<div class=\"elementor-element elementor-element-9305f65 elementor-widget elementor-widget-text-editor\" data-id=\"9305f65\" data-element_type=\"widget\" data-widget_type=\"text-editor.default\">\n\t\t\t\t<div class=\"elementor-widget-container\">\n\t\t\t\t\t<div class=\"elementor-text-editor elementor-clearfix\"><h5>Schools<\/h5><p>In addition to the social agreements, from 1997 to today, Sodefor has built more than 60 schools (primary, secondary, and teaching offices) in all the provinces in which it operates<\/p><\/div>\n\t\t\t\t<\/div>\n\t\t\t\t<\/div>\n\t\t\t\t\t\t<\/div>\n\t\t\t\t\t<\/div>\n\t\t<\/div>\n\t\t\t\t\t\t\t\t<\/div>\n\t\t\t\t\t<\/div>\n\t\t<\/section>\n\t\t\t\t<section class=\"elementor-section elementor-top-section elementor-element elementor-element-ef2a13b elementor-section-boxed elementor-section-height-default elementor-section-height-default\" data-id=\"ef2a13b\" data-element_type=\"section\">\n\t\t\t\t\t\t<div class=\"elementor-container elementor-column-gap-default\">\n\t\t\t\t\t\t\t<div class=\"elementor-row\">\n\t\t\t\t\t<div class=\"elementor-column elementor-col-100 elementor-top-column elementor-element elementor-element-362dfcd\" data-id=\"362dfcd\" data-element_type=\"column\">\n\t\t\t<div class=\"elementor-column-wrap elementor-element-populated\">\n\t\t\t\t\t\t\t<div class=\"elementor-widget-wrap\">\n\t\t\t\t\t\t<div class=\"elementor-element elementor-element-f66778a elementor-widget elementor-widget-image\" data-id=\"f66778a\" data-element_type=\"widget\" data-widget_type=\"image.default\">\n\t\t\t\t<div class=\"elementor-widget-container\">\n\t\t\t\t\t<div class=\"elementor-image\">\n\t\t\t\t\t\t\t<figure class=\"wp-caption\">\n\t\t\t\t\t\t\t\t\t\t<img width=\"840\" height=\"409\" src=\"http:\/\/sodefor.net\/wp-content\/uploads\/2018\/05\/T6-1-1024x499.jpg\" class=\"attachment-large size-large\" alt=\"\" loading=\"lazy\" srcset=\"http:\/\/sodefor.net\/wp-content\/uploads\/2018\/05\/T6-1-1024x499.jpg 1024w, http:\/\/sodefor.net\/wp-content\/uploads\/2018\/05\/T6-1-300x146.jpg 300w, http:\/\/sodefor.net\/wp-content\/uploads\/2018\/05\/T6-1-768x374.jpg 768w, http:\/\/sodefor.net\/wp-content\/uploads\/2018\/05\/T6-1.jpg 1084w\" sizes=\"(max-width: 840px) 100vw, 840px\" \/>\t\t\t\t\t\t\t\t\t\t\t<figcaption class=\"widget-image-caption wp-caption-text\">Elementary school at Luna, built in 2009 - offered by Sodefor to the Bokongo group<\/figcaption>\n\t\t\t\t\t\t\t\t\t\t<\/figure>\n\t\t\t\t\t<\/div>\n\t\t\t\t<\/div>\n\t\t\t\t<\/div>\n\t\t\t\t\t\t<\/div>\n\t\t\t\t\t<\/div>\n\t\t<\/div>\n\t\t\t\t\t\t\t\t<\/div>\n\t\t\t\t\t<\/div>\n\t\t<\/section>\n\t\t\t\t<section class=\"elementor-section elementor-top-section elementor-element elementor-element-aa1303b elementor-section-boxed elementor-section-height-default elementor-section-height-default\" data-id=\"aa1303b\" data-element_type=\"section\">\n\t\t\t\t\t\t<div class=\"elementor-container elementor-column-gap-default\">\n\t\t\t\t\t\t\t<div class=\"elementor-row\">\n\t\t\t\t\t<div class=\"elementor-column elementor-col-66 elementor-top-column elementor-element elementor-element-a927bae\" data-id=\"a927bae\" data-element_type=\"column\">\n\t\t\t<div class=\"elementor-column-wrap elementor-element-populated\">\n\t\t\t\t\t\t\t<div class=\"elementor-widget-wrap\">\n\t\t\t\t\t\t<div class=\"elementor-element elementor-element-1102ea3 elementor-widget elementor-widget-image\" data-id=\"1102ea3\" data-element_type=\"widget\" data-widget_type=\"image.default\">\n\t\t\t\t<div class=\"elementor-widget-container\">\n\t\t\t\t\t<div class=\"elementor-image\">\n\t\t\t\t\t\t\t<figure class=\"wp-caption\">\n\t\t\t\t\t\t\t\t\t\t<img width=\"840\" height=\"321\" src=\"http:\/\/sodefor.net\/wp-content\/uploads\/2018\/05\/T6-2-1024x391.jpg\" class=\"attachment-large size-large\" alt=\"\" loading=\"lazy\" srcset=\"http:\/\/sodefor.net\/wp-content\/uploads\/2018\/05\/T6-2-1024x391.jpg 1024w, http:\/\/sodefor.net\/wp-content\/uploads\/2018\/05\/T6-2-300x115.jpg 300w, http:\/\/sodefor.net\/wp-content\/uploads\/2018\/05\/T6-2-768x294.jpg 768w, http:\/\/sodefor.net\/wp-content\/uploads\/2018\/05\/T6-2-1170x447.jpg 1170w, http:\/\/sodefor.net\/wp-content\/uploads\/2018\/05\/T6-2.jpg 1172w\" sizes=\"(max-width: 840px) 100vw, 840px\" \/>\t\t\t\t\t\t\t\t\t\t\t<figcaption class=\"widget-image-caption wp-caption-text\">Elementary school at Ntenno - offers by Sodefor<\/figcaption>\n\t\t\t\t\t\t\t\t\t\t<\/figure>\n\t\t\t\t\t<\/div>\n\t\t\t\t<\/div>\n\t\t\t\t<\/div>\n\t\t\t\t\t\t<\/div>\n\t\t\t\t\t<\/div>\n\t\t<\/div>\n\t\t\t\t<div class=\"elementor-column elementor-col-33 elementor-top-column elementor-element elementor-element-9fd8f4e\" data-id=\"9fd8f4e\" data-element_type=\"column\">\n\t\t\t<div class=\"elementor-column-wrap elementor-element-populated\">\n\t\t\t\t\t\t\t<div class=\"elementor-widget-wrap\">\n\t\t\t\t\t\t<div class=\"elementor-element elementor-element-ac9f5a9 elementor-widget elementor-widget-image\" data-id=\"ac9f5a9\" data-element_type=\"widget\" data-widget_type=\"image.default\">\n\t\t\t\t<div class=\"elementor-widget-container\">\n\t\t\t\t\t<div class=\"elementor-image\">\n\t\t\t\t\t\t\t<figure class=\"wp-caption\">\n\t\t\t\t\t\t\t\t\t\t<img width=\"572\" height=\"522\" src=\"http:\/\/sodefor.net\/wp-content\/uploads\/2018\/05\/T6-3.jpg\" class=\"attachment-large size-large\" alt=\"\" loading=\"lazy\" srcset=\"http:\/\/sodefor.net\/wp-content\/uploads\/2018\/05\/T6-3.jpg 572w, http:\/\/sodefor.net\/wp-content\/uploads\/2018\/05\/T6-3-300x274.jpg 300w\" sizes=\"(max-width: 572px) 100vw, 572px\" \/>\t\t\t\t\t\t\t\t\t\t\t<figcaption class=\"widget-image-caption wp-caption-text\">class room in same school<\/figcaption>\n\t\t\t\t\t\t\t\t\t\t<\/figure>\n\t\t\t\t\t<\/div>\n\t\t\t\t<\/div>\n\t\t\t\t<\/div>\n\t\t\t\t\t\t<\/div>\n\t\t\t\t\t<\/div>\n\t\t<\/div>\n\t\t\t\t\t\t\t\t<\/div>\n\t\t\t\t\t<\/div>\n\t\t<\/section>\n\t\t\t\t<section class=\"elementor-section elementor-top-section elementor-element elementor-element-8e84348 elementor-section-boxed elementor-section-height-default elementor-section-height-default\" data-id=\"8e84348\" data-element_type=\"section\">\n\t\t\t\t\t\t<div class=\"elementor-container elementor-column-gap-default\">\n\t\t\t\t\t\t\t<div class=\"elementor-row\">\n\t\t\t\t\t<div class=\"elementor-column elementor-col-100 elementor-top-column elementor-element elementor-element-ef40d68\" data-id=\"ef40d68\" data-element_type=\"column\">\n\t\t\t<div class=\"elementor-column-wrap elementor-element-populated\">\n\t\t\t\t\t\t\t<div class=\"elementor-widget-wrap\">\n\t\t\t\t\t\t<div class=\"elementor-element elementor-element-03db307 elementor-widget elementor-widget-text-editor\" data-id=\"03db307\" data-element_type=\"widget\" data-widget_type=\"text-editor.default\">\n\t\t\t\t<div class=\"elementor-widget-container\">\n\t\t\t\t\t<div class=\"elementor-text-editor elementor-clearfix\"><h5 style=\"line-height: 18px;\">Health Centers<\/h5><p>From 2009 to today, in addition to the agreements established in the forestry code, it has built and equipped around 15 health centers distributed throughout the different provinces.<\/p><p>In addition to these 15 health centers, a 100% equipped dispensary has been installed in every logging site, which local populations can access.<\/p><\/div>\n\t\t\t\t<\/div>\n\t\t\t\t<\/div>\n\t\t\t\t\t\t<\/div>\n\t\t\t\t\t<\/div>\n\t\t<\/div>\n\t\t\t\t\t\t\t\t<\/div>\n\t\t\t\t\t<\/div>\n\t\t<\/section>\n\t\t\t\t<section class=\"elementor-section elementor-top-section elementor-element elementor-element-73e832c elementor-section-boxed elementor-section-height-default elementor-section-height-default\" data-id=\"73e832c\" data-element_type=\"section\">\n\t\t\t\t\t\t<div class=\"elementor-container elementor-column-gap-default\">\n\t\t\t\t\t\t\t<div class=\"elementor-row\">\n\t\t\t\t\t<div class=\"elementor-column elementor-col-33 elementor-top-column elementor-element elementor-element-8e6f998\" data-id=\"8e6f998\" data-element_type=\"column\">\n\t\t\t<div class=\"elementor-column-wrap\">\n\t\t\t\t\t\t\t<div class=\"elementor-widget-wrap\">\n\t\t\t\t\t\t\t\t<\/div>\n\t\t\t\t\t<\/div>\n\t\t<\/div>\n\t\t\t\t<div class=\"elementor-column elementor-col-66 elementor-top-column elementor-element elementor-element-d827d6a\" data-id=\"d827d6a\" data-element_type=\"column\">\n\t\t\t<div class=\"elementor-column-wrap elementor-element-populated\">\n\t\t\t\t\t\t\t<div class=\"elementor-widget-wrap\">\n\t\t\t\t\t\t<div class=\"elementor-element elementor-element-3407fe4 elementor-widget elementor-widget-image\" data-id=\"3407fe4\" data-element_type=\"widget\" data-widget_type=\"image.default\">\n\t\t\t\t<div class=\"elementor-widget-container\">\n\t\t\t\t\t<div class=\"elementor-image\">\n\t\t\t\t\t\t\t\t\t\t<img width=\"840\" height=\"473\" src=\"http:\/\/sodefor.net\/wp-content\/uploads\/2018\/05\/T6-4.jpg\" class=\"attachment-large size-large\" alt=\"\" loading=\"lazy\" srcset=\"http:\/\/sodefor.net\/wp-content\/uploads\/2018\/05\/T6-4.jpg 896w, http:\/\/sodefor.net\/wp-content\/uploads\/2018\/05\/T6-4-300x169.jpg 300w, http:\/\/sodefor.net\/wp-content\/uploads\/2018\/05\/T6-4-768x432.jpg 768w\" sizes=\"(max-width: 840px) 100vw, 840px\" \/>\t\t\t\t\t\t\t\t\t\t\t<\/div>\n\t\t\t\t<\/div>\n\t\t\t\t<\/div>\n\t\t\t\t<div class=\"elementor-element elementor-element-c27c1c9 elementor-widget elementor-widget-text-editor\" data-id=\"c27c1c9\" data-element_type=\"widget\" data-widget_type=\"text-editor.default\">\n\t\t\t\t<div class=\"elementor-widget-container\">\n\t\t\t\t\t<div class=\"elementor-text-editor elementor-clearfix\"><\/div>\n\t\t\t\t<\/div>\n\t\t\t\t<\/div>\n\t\t\t\t\t\t<\/div>\n\t\t\t\t\t<\/div>\n\t\t<\/div>\n\t\t\t\t\t\t\t\t<\/div>\n\t\t\t\t\t<\/div>\n\t\t<\/section>\n\t\t\t\t<section class=\"elementor-section elementor-top-section elementor-element elementor-element-cce1b6a elementor-section-boxed elementor-section-height-default elementor-section-height-default\" data-id=\"cce1b6a\" data-element_type=\"section\">\n\t\t\t\t\t\t<div class=\"elementor-container elementor-column-gap-default\">\n\t\t\t\t\t\t\t<div class=\"elementor-row\">\n\t\t\t\t\t<div class=\"elementor-column elementor-col-100 elementor-top-column elementor-element elementor-element-763338f\" data-id=\"763338f\" data-element_type=\"column\">\n\t\t\t<div class=\"elementor-column-wrap elementor-element-populated\">\n\t\t\t\t\t\t\t<div class=\"elementor-widget-wrap\">\n\t\t\t\t\t\t<div class=\"elementor-element elementor-element-5f088d4 elementor-widget elementor-widget-text-editor\" data-id=\"5f088d4\" data-element_type=\"widget\" data-widget_type=\"text-editor.default\">\n\t\t\t\t<div class=\"elementor-widget-container\">\n\t\t\t\t\t<div class=\"elementor-text-editor elementor-clearfix\"><h5 style=\"line-height: 18px;\">Roads<\/h5><p style=\"caret-color: #333333; color: #333333; font-weight: normal;\">In addition to the roads opened for logging purposes and those built to satisfy the social clause, Sodefor has also built\u00a0<strong>more than 700 km\u00a0<\/strong>of general public roads outside of its legal obligations.<\/p><\/div>\n\t\t\t\t<\/div>\n\t\t\t\t<\/div>\n\t\t\t\t\t\t<\/div>\n\t\t\t\t\t<\/div>\n\t\t<\/div>\n\t\t\t\t\t\t\t\t<\/div>\n\t\t\t\t\t<\/div>\n\t\t<\/section>\n\t\t\t\t<section class=\"elementor-section elementor-top-section elementor-element elementor-element-207f882 elementor-section-boxed elementor-section-height-default elementor-section-height-default\" data-id=\"207f882\" data-element_type=\"section\">\n\t\t\t\t\t\t<div class=\"elementor-container elementor-column-gap-default\">\n\t\t\t\t\t\t\t<div class=\"elementor-row\">\n\t\t\t\t\t<div class=\"elementor-column elementor-col-100 elementor-top-column elementor-element elementor-element-1b4510b\" data-id=\"1b4510b\" data-element_type=\"column\">\n\t\t\t<div class=\"elementor-column-wrap elementor-element-populated\">\n\t\t\t\t\t\t\t<div class=\"elementor-widget-wrap\">\n\t\t\t\t\t\t<div class=\"elementor-element elementor-element-8958729 elementor-widget elementor-widget-image\" data-id=\"8958729\" data-element_type=\"widget\" data-widget_type=\"image.default\">\n\t\t\t\t<div class=\"elementor-widget-container\">\n\t\t\t\t\t<div class=\"elementor-image\">\n\t\t\t\t\t\t\t\t\t\t<img width=\"840\" height=\"235\" src=\"http:\/\/sodefor.net\/wp-content\/uploads\/2018\/05\/T6-5-routes-1024x287.jpg\" class=\"attachment-large size-large\" alt=\"\" loading=\"lazy\" srcset=\"http:\/\/sodefor.net\/wp-content\/uploads\/2018\/05\/T6-5-routes-1024x287.jpg 1024w, http:\/\/sodefor.net\/wp-content\/uploads\/2018\/05\/T6-5-routes-300x84.jpg 300w, http:\/\/sodefor.net\/wp-content\/uploads\/2018\/05\/T6-5-routes-768x215.jpg 768w, http:\/\/sodefor.net\/wp-content\/uploads\/2018\/05\/T6-5-routes-1170x328.jpg 1170w, http:\/\/sodefor.net\/wp-content\/uploads\/2018\/05\/T6-5-routes.jpg 1908w\" sizes=\"(max-width: 840px) 100vw, 840px\" \/>\t\t\t\t\t\t\t\t\t\t\t<\/div>\n\t\t\t\t<\/div>\n\t\t\t\t<\/div>\n\t\t\t\t\t\t<\/div>\n\t\t\t\t\t<\/div>\n\t\t<\/div>\n\t\t\t\t\t\t\t\t<\/div>\n\t\t\t\t\t<\/div>\n\t\t<\/section>\n\t\t\t\t<section class=\"elementor-section elementor-top-section elementor-element elementor-element-ccfc549 elementor-section-boxed elementor-section-height-default elementor-section-height-default\" data-id=\"ccfc549\" data-element_type=\"section\">\n\t\t\t\t\t\t<div class=\"elementor-container elementor-column-gap-default\">\n\t\t\t\t\t\t\t<div class=\"elementor-row\">\n\t\t\t\t\t<div class=\"elementor-column elementor-col-100 elementor-top-column elementor-element elementor-element-6816f9c\" data-id=\"6816f9c\" data-element_type=\"column\">\n\t\t\t<div class=\"elementor-column-wrap elementor-element-populated\">\n\t\t\t\t\t\t\t<div class=\"elementor-widget-wrap\">\n\t\t\t\t\t\t<div class=\"elementor-element elementor-element-411a023 elementor-widget elementor-widget-text-editor\" data-id=\"411a023\" data-element_type=\"widget\" data-widget_type=\"text-editor.default\">\n\t\t\t\t<div class=\"elementor-widget-container\">\n\t\t\t\t\t<div class=\"elementor-text-editor elementor-clearfix\"><h5><span style=\"font-size: 14px; color: #333333;\">Bridges<\/span><\/h5><p>More than 150 bridges have been built and more than 70 have been renovated<\/p><\/div>\n\t\t\t\t<\/div>\n\t\t\t\t<\/div>\n\t\t\t\t\t\t<\/div>\n\t\t\t\t\t<\/div>\n\t\t<\/div>\n\t\t\t\t\t\t\t\t<\/div>\n\t\t\t\t\t<\/div>\n\t\t<\/section>\n\t\t\t\t<section class=\"elementor-section elementor-top-section elementor-element elementor-element-38387a9 elementor-section-boxed elementor-section-height-default elementor-section-height-default\" data-id=\"38387a9\" data-element_type=\"section\">\n\t\t\t\t\t\t<div class=\"elementor-container elementor-column-gap-default\">\n\t\t\t\t\t\t\t<div class=\"elementor-row\">\n\t\t\t\t\t<div class=\"elementor-column elementor-col-100 elementor-top-column elementor-element elementor-element-b1730d5\" data-id=\"b1730d5\" data-element_type=\"column\">\n\t\t\t<div class=\"elementor-column-wrap elementor-element-populated\">\n\t\t\t\t\t\t\t<div class=\"elementor-widget-wrap\">\n\t\t\t\t\t\t<div class=\"elementor-element elementor-element-b51bb89 elementor-widget elementor-widget-image\" data-id=\"b51bb89\" data-element_type=\"widget\" data-widget_type=\"image.default\">\n\t\t\t\t<div class=\"elementor-widget-container\">\n\t\t\t\t\t<div class=\"elementor-image\">\n\t\t\t\t\t\t\t\t\t\t<img width=\"840\" height=\"574\" src=\"http:\/\/sodefor.net\/wp-content\/uploads\/2018\/05\/T6-6-ponts3-1024x700.jpg\" class=\"attachment-large size-large\" alt=\"\" loading=\"lazy\" srcset=\"http:\/\/sodefor.net\/wp-content\/uploads\/2018\/05\/T6-6-ponts3-1024x700.jpg 1024w, http:\/\/sodefor.net\/wp-content\/uploads\/2018\/05\/T6-6-ponts3-300x205.jpg 300w, http:\/\/sodefor.net\/wp-content\/uploads\/2018\/05\/T6-6-ponts3-768x525.jpg 768w, http:\/\/sodefor.net\/wp-content\/uploads\/2018\/05\/T6-6-ponts3-1170x799.jpg 1170w, http:\/\/sodefor.net\/wp-content\/uploads\/2018\/05\/T6-6-ponts3.jpg 1600w\" sizes=\"(max-width: 840px) 100vw, 840px\" \/>\t\t\t\t\t\t\t\t\t\t\t<\/div>\n\t\t\t\t<\/div>\n\t\t\t\t<\/div>\n\t\t\t\t\t\t<\/div>\n\t\t\t\t\t<\/div>\n\t\t<\/div>\n\t\t\t\t\t\t\t\t<\/div>\n\t\t\t\t\t<\/div>\n\t\t<\/section>\n\t\t\t\t<section class=\"elementor-section elementor-top-section elementor-element elementor-element-a2a0bc4 elementor-section-boxed elementor-section-height-default elementor-section-height-default\" data-id=\"a2a0bc4\" data-element_type=\"section\">\n\t\t\t\t\t\t<div class=\"elementor-container elementor-column-gap-default\">\n\t\t\t\t\t\t\t<div class=\"elementor-row\">\n\t\t\t\t\t<div class=\"elementor-column elementor-col-100 elementor-top-column elementor-element elementor-element-c9bfab0\" data-id=\"c9bfab0\" data-element_type=\"column\">\n\t\t\t<div class=\"elementor-column-wrap elementor-element-populated\">\n\t\t\t\t\t\t\t<div class=\"elementor-widget-wrap\">\n\t\t\t\t\t\t<div class=\"elementor-element elementor-element-5eb3525 elementor-widget elementor-widget-text-editor\" data-id=\"5eb3525\" data-element_type=\"widget\" data-widget_type=\"text-editor.default\">\n\t\t\t\t<div class=\"elementor-widget-container\">\n\t\t\t\t\t<div class=\"elementor-text-editor elementor-clearfix\"><h5>Access to pure drinking water<\/h5><\/div>\n\t\t\t\t<\/div>\n\t\t\t\t<\/div>\n\t\t\t\t\t\t<\/div>\n\t\t\t\t\t<\/div>\n\t\t<\/div>\n\t\t\t\t\t\t\t\t<\/div>\n\t\t\t\t\t<\/div>\n\t\t<\/section>\n\t\t\t\t<section class=\"elementor-section elementor-top-section elementor-element elementor-element-b2f25ef elementor-section-boxed elementor-section-height-default elementor-section-height-default\" data-id=\"b2f25ef\" data-element_type=\"section\">\n\t\t\t\t\t\t<div class=\"elementor-container elementor-column-gap-default\">\n\t\t\t\t\t\t\t<div class=\"elementor-row\">\n\t\t\t\t\t<div class=\"elementor-column elementor-col-66 elementor-top-column elementor-element elementor-element-0948152\" data-id=\"0948152\" data-element_type=\"column\">\n\t\t\t<div class=\"elementor-column-wrap elementor-element-populated\">\n\t\t\t\t\t\t\t<div class=\"elementor-widget-wrap\">\n\t\t\t\t\t\t<div class=\"elementor-element elementor-element-cad90a1 elementor-widget elementor-widget-image\" data-id=\"cad90a1\" data-element_type=\"widget\" data-widget_type=\"image.default\">\n\t\t\t\t<div class=\"elementor-widget-container\">\n\t\t\t\t\t<div class=\"elementor-image\">\n\t\t\t\t\t\t\t\t\t\t<img width=\"840\" height=\"465\" src=\"http:\/\/sodefor.net\/wp-content\/uploads\/2018\/05\/T6-6-eau.jpg\" class=\"attachment-large size-large\" alt=\"\" loading=\"lazy\" srcset=\"http:\/\/sodefor.net\/wp-content\/uploads\/2018\/05\/T6-6-eau.jpg 870w, http:\/\/sodefor.net\/wp-content\/uploads\/2018\/05\/T6-6-eau-300x166.jpg 300w, http:\/\/sodefor.net\/wp-content\/uploads\/2018\/05\/T6-6-eau-768x425.jpg 768w\" sizes=\"(max-width: 840px) 100vw, 840px\" \/>\t\t\t\t\t\t\t\t\t\t\t<\/div>\n\t\t\t\t<\/div>\n\t\t\t\t<\/div>\n\t\t\t\t\t\t<\/div>\n\t\t\t\t\t<\/div>\n\t\t<\/div>\n\t\t\t\t<div class=\"elementor-column elementor-col-33 elementor-top-column elementor-element elementor-element-067e79e\" data-id=\"067e79e\" data-element_type=\"column\">\n\t\t\t<div class=\"elementor-column-wrap elementor-element-populated\">\n\t\t\t\t\t\t\t<div class=\"elementor-widget-wrap\">\n\t\t\t\t\t\t<div class=\"elementor-element elementor-element-616ec89 elementor-widget elementor-widget-image\" data-id=\"616ec89\" data-element_type=\"widget\" data-widget_type=\"image.default\">\n\t\t\t\t<div class=\"elementor-widget-container\">\n\t\t\t\t\t<div class=\"elementor-image\">\n\t\t\t\t\t\t\t\t\t\t<img width=\"624\" height=\"708\" src=\"http:\/\/sodefor.net\/wp-content\/uploads\/2018\/05\/T6-6-eau2.jpg\" class=\"attachment-large size-large\" alt=\"\" loading=\"lazy\" srcset=\"http:\/\/sodefor.net\/wp-content\/uploads\/2018\/05\/T6-6-eau2.jpg 624w, http:\/\/sodefor.net\/wp-content\/uploads\/2018\/05\/T6-6-eau2-264x300.jpg 264w\" sizes=\"(max-width: 624px) 100vw, 624px\" \/>\t\t\t\t\t\t\t\t\t\t\t<\/div>\n\t\t\t\t<\/div>\n\t\t\t\t<\/div>\n\t\t\t\t\t\t<\/div>\n\t\t\t\t\t<\/div>\n\t\t<\/div>\n\t\t\t\t\t\t\t\t<\/div>\n\t\t\t\t\t<\/div>\n\t\t<\/section>\n\t\t\t\t<section class=\"elementor-section elementor-top-section elementor-element elementor-element-a2ed619 elementor-section-boxed elementor-section-height-default elementor-section-height-default\" data-id=\"a2ed619\" data-element_type=\"section\">\n\t\t\t\t\t\t<div class=\"elementor-container elementor-column-gap-default\">\n\t\t\t\t\t\t\t<div class=\"elementor-row\">\n\t\t\t\t\t<div class=\"elementor-column elementor-col-100 elementor-top-column elementor-element elementor-element-21d1bc9\" data-id=\"21d1bc9\" data-element_type=\"column\">\n\t\t\t<div class=\"elementor-column-wrap elementor-element-populated\">\n\t\t\t\t\t\t\t<div class=\"elementor-widget-wrap\">\n\t\t\t\t\t\t<div class=\"elementor-element elementor-element-feb5241 elementor-widget elementor-widget-text-editor\" data-id=\"feb5241\" data-element_type=\"widget\" data-widget_type=\"text-editor.default\">\n\t\t\t\t<div class=\"elementor-widget-container\">\n\t\t\t\t\t<div class=\"elementor-text-editor elementor-clearfix\"><h4 style=\"line-height: 20.399999618530273px;\">Other infrastructure<\/h4><ul><li>Construction and renovation of 4 aircraft runways;<\/li><li>Construction of several markets for the population;<\/li><li>Renovation of several state buildings in every province in which we operate as well as donating wooden furniture;<\/li><li>Construction and maintenance of the Lileko chapel.<\/li><\/ul><\/div>\n\t\t\t\t<\/div>\n\t\t\t\t<\/div>\n\t\t\t\t\t\t<\/div>\n\t\t\t\t\t<\/div>\n\t\t<\/div>\n\t\t\t\t\t\t\t\t<\/div>\n\t\t\t\t\t<\/div>\n\t\t<\/section>\n\t\t\t\t\t\t<\/div>\n\t\t\t\t\t\t<\/div>\n\t\t\t\t\t<\/div>","protected":false},"excerpt":{"rendered":"<p>Consciente de ses responsabilit\u00e9s en mati\u00e8re de gestion durable des ressources naturelles qui lui ont \u00e9t\u00e9 confi\u00e9es par l\u2019\u00c9tat Congolais, Sodefor a, depuis sa cr\u00e9ation, contribu\u00e9 au d\u00e9veloppement local de mani\u00e8re volontaire et \u00e0 l\u2019am\u00e9lioration des conditions sociales des populations&#8230;<br \/><a class=\"read-more-button\" href=\"http:\/\/sodefor.net\/en\/realisations-social\/\">Read more<\/a><\/p>","protected":false},"author":1,"featured_media":0,"parent":0,"menu_order":0,"comment_status":"closed","ping_status":"closed","template":"","meta":[],"_links":{"self":[{"href":"http:\/\/sodefor.net\/en\/wp-json\/wp\/v2\/pages\/29267"}],"collection":[{"href":"http:\/\/sodefor.net\/en\/wp-json\/wp\/v2\/pages"}],"about":[{"href":"http:\/\/sodefor.net\/en\/wp-json\/wp\/v2\/types\/page"}],"author":[{"embeddable":true,"href":"http:\/\/sodefor.net\/en\/wp-json\/wp\/v2\/users\/1"}],"replies":[{"embeddable":true,"href":"http:\/\/sodefor.net\/en\/wp-json\/wp\/v2\/comments?post=29267"}],"version-history":[{"count":5,"href":"http:\/\/sodefor.net\/en\/wp-json\/wp\/v2\/pages\/29267\/revisions"}],"predecessor-version":[{"id":29378,"href":"http:\/\/sodefor.net\/en\/wp-json\/wp\/v2\/pages\/29267\/revisions\/29378"}],"wp:attachment":[{"href":"http:\/\/sodefor.net\/en\/wp-json\/wp\/v2\/media?parent=29267"}],"curies":[{"name":"wp","href":"https:\/\/api.w.org\/{rel}","templated":true}]}}