{"id":29289,"date":"2018-05-22T22:30:01","date_gmt":"2018-05-22T20:30:01","guid":{"rendered":"http:\/\/clwirlmh.preview.infomaniak.website\/?page_id=29289"},"modified":"2018-06-14T12:14:22","modified_gmt":"2018-06-14T10:14:22","slug":"appui-wwf","status":"publish","type":"page","link":"http:\/\/sodefor.net\/en\/appui-wwf\/","title":{"rendered":"WWF Support"},"content":{"rendered":"<div data-elementor-type=\"wp-post\" data-elementor-id=\"29289\" class=\"elementor elementor-29289 elementor-bc-flex-widget\" data-elementor-settings=\"[]\">\n\t\t\t\t\t\t<div class=\"elementor-inner\">\n\t\t\t\t\t\t\t<div class=\"elementor-section-wrap\">\n\t\t\t\t\t\t\t<section class=\"elementor-section elementor-top-section elementor-element elementor-element-9c00551 elementor-section-boxed elementor-section-height-default elementor-section-height-default\" data-id=\"9c00551\" data-element_type=\"section\">\n\t\t\t\t\t\t<div class=\"elementor-container elementor-column-gap-default\">\n\t\t\t\t\t\t\t<div class=\"elementor-row\">\n\t\t\t\t\t<div class=\"elementor-column elementor-col-100 elementor-top-column elementor-element elementor-element-ec7d366\" data-id=\"ec7d366\" data-element_type=\"column\">\n\t\t\t<div class=\"elementor-column-wrap elementor-element-populated\">\n\t\t\t\t\t\t\t<div class=\"elementor-widget-wrap\">\n\t\t\t\t\t\t<div class=\"elementor-element elementor-element-223004a elementor-widget elementor-widget-text-editor\" data-id=\"223004a\" data-element_type=\"widget\" data-widget_type=\"text-editor.default\">\n\t\t\t\t<div class=\"elementor-widget-container\">\n\t\t\t\t\t<div class=\"elementor-text-editor elementor-clearfix\"><h5>Logging production component<\/h5><ul><li>Support for low-impact logging activities (directional harvest, well-constructed roads with canopy bridges, identifying protection zones, identifying seed-bearers, marking crop saplings, skidding roads, etc.).<\/li><\/ul><h5>Socioeconomic component<\/h5><ul><li>Guiding communities in signing social clauses and jointly implementing, in a transparent and participatory manner;<\/li><li>Support for sustainable cultivation by creating community fields<ul><li>65 ha. of peanut fields in Isongo, Madjoko, and Tshi\u00e9;<\/li><li>22.5 ha. of bean fields with 45 CLD in Oshw\u00e9;<\/li><li>45 ha. of corn fields with 45 CLD in Oshw\u00e9.<\/li><\/ul><\/li><li>Distributing environmental educational documents and school supplies to 45 schools.<\/li><\/ul><\/div>\n\t\t\t\t<\/div>\n\t\t\t\t<\/div>\n\t\t\t\t\t\t<\/div>\n\t\t\t\t\t<\/div>\n\t\t<\/div>\n\t\t\t\t\t\t\t\t<\/div>\n\t\t\t\t\t<\/div>\n\t\t<\/section>\n\t\t\t\t<section class=\"elementor-section elementor-top-section elementor-element elementor-element-39fa7ac elementor-section-boxed elementor-section-height-default elementor-section-height-default\" data-id=\"39fa7ac\" data-element_type=\"section\">\n\t\t\t\t\t\t<div class=\"elementor-container elementor-column-gap-default\">\n\t\t\t\t\t\t\t<div class=\"elementor-row\">\n\t\t\t\t\t<div class=\"elementor-column elementor-col-100 elementor-top-column elementor-element elementor-element-b7cb8fb\" data-id=\"b7cb8fb\" data-element_type=\"column\">\n\t\t\t<div class=\"elementor-column-wrap elementor-element-populated\">\n\t\t\t\t\t\t\t<div class=\"elementor-widget-wrap\">\n\t\t\t\t\t\t<div class=\"elementor-element elementor-element-4cdced3 elementor-widget elementor-widget-image\" data-id=\"4cdced3\" data-element_type=\"widget\" data-widget_type=\"image.default\">\n\t\t\t\t<div class=\"elementor-widget-container\">\n\t\t\t\t\t<div class=\"elementor-image\">\n\t\t\t\t\t\t\t\t\t\t<img width=\"840\" height=\"223\" src=\"http:\/\/sodefor.net\/wp-content\/uploads\/2018\/05\/T7-2-1024x272.jpg\" class=\"attachment-large size-large\" alt=\"\" loading=\"lazy\" srcset=\"http:\/\/sodefor.net\/wp-content\/uploads\/2018\/05\/T7-2-1024x272.jpg 1024w, http:\/\/sodefor.net\/wp-content\/uploads\/2018\/05\/T7-2-300x80.jpg 300w, http:\/\/sodefor.net\/wp-content\/uploads\/2018\/05\/T7-2-768x204.jpg 768w, http:\/\/sodefor.net\/wp-content\/uploads\/2018\/05\/T7-2-1170x311.jpg 1170w, http:\/\/sodefor.net\/wp-content\/uploads\/2018\/05\/T7-2.jpg 1218w\" sizes=\"(max-width: 840px) 100vw, 840px\" \/>\t\t\t\t\t\t\t\t\t\t\t<\/div>\n\t\t\t\t<\/div>\n\t\t\t\t<\/div>\n\t\t\t\t\t\t<\/div>\n\t\t\t\t\t<\/div>\n\t\t<\/div>\n\t\t\t\t\t\t\t\t<\/div>\n\t\t\t\t\t<\/div>\n\t\t<\/section>\n\t\t\t\t<section class=\"elementor-section elementor-top-section elementor-element elementor-element-9f62034 elementor-section-boxed elementor-section-height-default elementor-section-height-default\" data-id=\"9f62034\" data-element_type=\"section\">\n\t\t\t\t\t\t<div class=\"elementor-container elementor-column-gap-default\">\n\t\t\t\t\t\t\t<div class=\"elementor-row\">\n\t\t\t\t\t<div class=\"elementor-column elementor-col-50 elementor-top-column elementor-element elementor-element-e5fdd16\" data-id=\"e5fdd16\" data-element_type=\"column\">\n\t\t\t<div class=\"elementor-column-wrap elementor-element-populated\">\n\t\t\t\t\t\t\t<div class=\"elementor-widget-wrap\">\n\t\t\t\t\t\t<div class=\"elementor-element elementor-element-3dd11c2 elementor-widget elementor-widget-text-editor\" data-id=\"3dd11c2\" data-element_type=\"widget\" data-widget_type=\"text-editor.default\">\n\t\t\t\t<div class=\"elementor-widget-container\">\n\t\t\t\t\t<div class=\"elementor-text-editor elementor-clearfix\"><h5 style=\"line-height: 22.799999237060547px;\"><strong style=\"color: #444444; font-size: 17px;\">Environment<\/strong><\/h5><ul><li>Support for community reforestation in degraded sites (around 20 hectares).<\/li><li>Participatory zoning for local community and indigenous lands;<\/li><li>Beginning anti-poaching measures (checking vehicles and barges, etc.).<\/li><\/ul><\/div>\n\t\t\t\t<\/div>\n\t\t\t\t<\/div>\n\t\t\t\t\t\t<\/div>\n\t\t\t\t\t<\/div>\n\t\t<\/div>\n\t\t\t\t<div class=\"elementor-column elementor-col-50 elementor-top-column elementor-element elementor-element-be93ee0\" data-id=\"be93ee0\" data-element_type=\"column\">\n\t\t\t<div class=\"elementor-column-wrap elementor-element-populated\">\n\t\t\t\t\t\t\t<div class=\"elementor-widget-wrap\">\n\t\t\t\t\t\t<div class=\"elementor-element elementor-element-a317b1b elementor-widget elementor-widget-image\" data-id=\"a317b1b\" data-element_type=\"widget\" data-widget_type=\"image.default\">\n\t\t\t\t<div class=\"elementor-widget-container\">\n\t\t\t\t\t<div class=\"elementor-image\">\n\t\t\t\t\t\t\t\t\t\t<img width=\"840\" height=\"594\" src=\"http:\/\/sodefor.net\/wp-content\/uploads\/2018\/05\/T7-3.jpg\" class=\"attachment-large size-large\" alt=\"\" loading=\"lazy\" srcset=\"http:\/\/sodefor.net\/wp-content\/uploads\/2018\/05\/T7-3.jpg 908w, http:\/\/sodefor.net\/wp-content\/uploads\/2018\/05\/T7-3-300x212.jpg 300w, http:\/\/sodefor.net\/wp-content\/uploads\/2018\/05\/T7-3-768x543.jpg 768w\" sizes=\"(max-width: 840px) 100vw, 840px\" \/>\t\t\t\t\t\t\t\t\t\t\t<\/div>\n\t\t\t\t<\/div>\n\t\t\t\t<\/div>\n\t\t\t\t\t\t<\/div>\n\t\t\t\t\t<\/div>\n\t\t<\/div>\n\t\t\t\t\t\t\t\t<\/div>\n\t\t\t\t\t<\/div>\n\t\t<\/section>\n\t\t\t\t\t\t<\/div>\n\t\t\t\t\t\t<\/div>\n\t\t\t\t\t<\/div>","protected":false},"excerpt":{"rendered":"<p>Volet production foresti\u00e8re Appui \u00e0 la r\u00e9alisation des activit\u00e9s d\u2019exploitation \u00e0 faible impact (r\u00e9colte directionnel, bonne construction des routes avec pont de canop\u00e9e, identification des zones de protection, identification des semenciers, marquage des tiges d\u2019avenir, piste de d\u00e9bardage, etc.). Volet&#8230;<br \/><a class=\"read-more-button\" href=\"http:\/\/sodefor.net\/en\/appui-wwf\/\">Read more<\/a><\/p>","protected":false},"author":1,"featured_media":0,"parent":0,"menu_order":0,"comment_status":"closed","ping_status":"closed","template":"","meta":[],"_links":{"self":[{"href":"http:\/\/sodefor.net\/en\/wp-json\/wp\/v2\/pages\/29289"}],"collection":[{"href":"http:\/\/sodefor.net\/en\/wp-json\/wp\/v2\/pages"}],"about":[{"href":"http:\/\/sodefor.net\/en\/wp-json\/wp\/v2\/types\/page"}],"author":[{"embeddable":true,"href":"http:\/\/sodefor.net\/en\/wp-json\/wp\/v2\/users\/1"}],"replies":[{"embeddable":true,"href":"http:\/\/sodefor.net\/en\/wp-json\/wp\/v2\/comments?post=29289"}],"version-history":[{"count":6,"href":"http:\/\/sodefor.net\/en\/wp-json\/wp\/v2\/pages\/29289\/revisions"}],"predecessor-version":[{"id":29445,"href":"http:\/\/sodefor.net\/en\/wp-json\/wp\/v2\/pages\/29289\/revisions\/29445"}],"wp:attachment":[{"href":"http:\/\/sodefor.net\/en\/wp-json\/wp\/v2\/media?parent=29289"}],"curies":[{"name":"wp","href":"https:\/\/api.w.org\/{rel}","templated":true}]}}