{"id":29300,"date":"2018-05-22T23:20:09","date_gmt":"2018-05-22T21:20:09","guid":{"rendered":"http:\/\/clwirlmh.preview.infomaniak.website\/?page_id=29300"},"modified":"2018-05-24T10:44:42","modified_gmt":"2018-05-24T08:44:42","slug":"redd","status":"publish","type":"page","link":"http:\/\/sodefor.net\/en\/redd\/","title":{"rendered":"REDD+"},"content":{"rendered":"<div data-elementor-type=\"wp-post\" data-elementor-id=\"29300\" class=\"elementor elementor-29300 elementor-bc-flex-widget\" data-elementor-settings=\"[]\">\n\t\t\t\t\t\t<div class=\"elementor-inner\">\n\t\t\t\t\t\t\t<div class=\"elementor-section-wrap\">\n\t\t\t\t\t\t\t<section class=\"elementor-section elementor-top-section elementor-element elementor-element-6cda075a elementor-section-boxed elementor-section-height-default elementor-section-height-default\" data-id=\"6cda075a\" data-element_type=\"section\">\n\t\t\t\t\t\t<div class=\"elementor-container elementor-column-gap-default\">\n\t\t\t\t\t\t\t<div class=\"elementor-row\">\n\t\t\t\t\t<div class=\"elementor-column elementor-col-100 elementor-top-column elementor-element elementor-element-2e3790ee\" data-id=\"2e3790ee\" data-element_type=\"column\">\n\t\t\t<div class=\"elementor-column-wrap elementor-element-populated\">\n\t\t\t\t\t\t\t<div class=\"elementor-widget-wrap\">\n\t\t\t\t\t\t<div class=\"elementor-element elementor-element-614b4475 elementor-widget elementor-widget-text-editor\" data-id=\"614b4475\" data-element_type=\"widget\" data-widget_type=\"text-editor.default\">\n\t\t\t\t<div class=\"elementor-widget-container\">\n\t\t\t\t\t<div class=\"elementor-text-editor elementor-clearfix\"><p><span style=\"font-size: 14px;\">Sodefor has been a pioneer in the implementation of reduced-impact logging methods since 2010.<\/span><\/p><p>In 2011-2014, Sodefor was involved in the creation of a REDD+ project as part of the FORAFAMA project developed by FRMi (pilot project anticipating the implementation of REDD+ activities on forest concessions).<\/p><p>Based on management inventories which Sodefor carried out in 7 concessions along the Luk\u00e9nie river, FRMi assessed carbon stocks and the impact of logging on these stocks.<\/p><p><img loading=\"lazy\" class=\"alignnone size-large wp-image-28958\" src=\"http:\/\/clwirlmh.preview.infomaniak.website\/wp-content\/uploads\/2018\/05\/T5-a-1024x612.jpg\" alt=\"\" width=\"840\" height=\"502\" srcset=\"http:\/\/sodefor.net\/wp-content\/uploads\/2018\/05\/T5-a-1024x612.jpg 1024w, http:\/\/sodefor.net\/wp-content\/uploads\/2018\/05\/T5-a-300x179.jpg 300w, http:\/\/sodefor.net\/wp-content\/uploads\/2018\/05\/T5-a-768x459.jpg 768w, http:\/\/sodefor.net\/wp-content\/uploads\/2018\/05\/T5-a-1170x700.jpg 1170w, http:\/\/sodefor.net\/wp-content\/uploads\/2018\/05\/T5-a.jpg 1244w\" sizes=\"(max-width: 840px) 100vw, 840px\" \/>Based on a benchmark scenario, implementing the REDD+ project is estimated to lead to 3.5 million tons of avoided CO2 emissions in 20 years.<\/p><p>Between 2016 and 2017, Sodefor was a key part of the DRC pilot project consortium for implementing reduced impact logging to improve the logging industry's carbon footprint, as part of the Carbon Map and Model Project \u2013 Mai Ndombe. <em>Carbon Map and Model Project \u2013 Mai Ndombe<\/em>.<\/p><p>Thanks to the significant size of its concessions, Sodefor is more and more predisposed to taking part in these programs for avoiding deforestation.<span style=\"font-size: 19px;\">\u00a0<\/span><\/p><\/div>\n\t\t\t\t<\/div>\n\t\t\t\t<\/div>\n\t\t\t\t\t\t<\/div>\n\t\t\t\t\t<\/div>\n\t\t<\/div>\n\t\t\t\t\t\t\t\t<\/div>\n\t\t\t\t\t<\/div>\n\t\t<\/section>\n\t\t\t\t\t\t<\/div>\n\t\t\t\t\t\t<\/div>\n\t\t\t\t\t<\/div>","protected":false},"excerpt":{"rendered":"<p>Sodefor est pionni\u00e8re dans la mise en \u0153uvre des m\u00e9thodes d\u2019exploitation \u00e0 impact r\u00e9duit, depuis 2010. Sodefor a \u00e9t\u00e9 associ\u00e9e en 2011-2014 \u00e0 la conception d\u2019un projet REDD+ dans le cadre du projet FORAFAMA d\u00e9velopp\u00e9 par FRMi (projet pilote pr\u00e9voyant&#8230;<br \/><a class=\"read-more-button\" href=\"http:\/\/sodefor.net\/en\/redd\/\">Read more<\/a><\/p>","protected":false},"author":1,"featured_media":0,"parent":0,"menu_order":0,"comment_status":"closed","ping_status":"closed","template":"","meta":[],"_links":{"self":[{"href":"http:\/\/sodefor.net\/en\/wp-json\/wp\/v2\/pages\/29300"}],"collection":[{"href":"http:\/\/sodefor.net\/en\/wp-json\/wp\/v2\/pages"}],"about":[{"href":"http:\/\/sodefor.net\/en\/wp-json\/wp\/v2\/types\/page"}],"author":[{"embeddable":true,"href":"http:\/\/sodefor.net\/en\/wp-json\/wp\/v2\/users\/1"}],"replies":[{"embeddable":true,"href":"http:\/\/sodefor.net\/en\/wp-json\/wp\/v2\/comments?post=29300"}],"version-history":[{"count":3,"href":"http:\/\/sodefor.net\/en\/wp-json\/wp\/v2\/pages\/29300\/revisions"}],"predecessor-version":[{"id":29368,"href":"http:\/\/sodefor.net\/en\/wp-json\/wp\/v2\/pages\/29300\/revisions\/29368"}],"wp:attachment":[{"href":"http:\/\/sodefor.net\/en\/wp-json\/wp\/v2\/media?parent=29300"}],"curies":[{"name":"wp","href":"https:\/\/api.w.org\/{rel}","templated":true}]}}