{"id":29645,"date":"2023-06-16T11:44:52","date_gmt":"2023-06-16T10:44:52","guid":{"rendered":"http:\/\/sodefor.net\/?page_id=29645"},"modified":"2023-06-16T11:49:31","modified_gmt":"2023-06-16T10:49:31","slug":"sodefor-et-eraift","status":"publish","type":"page","link":"http:\/\/sodefor.net\/en\/sodefor-et-eraift\/","title":{"rendered":"Sodefor et ERAIFT"},"content":{"rendered":"<div data-elementor-type=\"wp-page\" data-elementor-id=\"29645\" class=\"elementor elementor-29645\" data-elementor-settings=\"[]\">\n\t\t\t\t\t\t<div class=\"elementor-inner\">\n\t\t\t\t\t\t\t<div class=\"elementor-section-wrap\">\n\t\t\t\t\t\t\t<section class=\"elementor-section elementor-top-section elementor-element elementor-element-c41730e elementor-section-boxed elementor-section-height-default elementor-section-height-default\" data-id=\"c41730e\" data-element_type=\"section\">\n\t\t\t\t\t\t<div class=\"elementor-container elementor-column-gap-default\">\n\t\t\t\t\t\t\t<div class=\"elementor-row\">\n\t\t\t\t\t<div class=\"elementor-column elementor-col-100 elementor-top-column elementor-element elementor-element-7ae7d6a\" data-id=\"7ae7d6a\" data-element_type=\"column\">\n\t\t\t<div class=\"elementor-column-wrap elementor-element-populated\">\n\t\t\t\t\t\t\t<div class=\"elementor-widget-wrap\">\n\t\t\t\t\t\t<div class=\"elementor-element elementor-element-2fc8f28 elementor-widget elementor-widget-text-editor\" data-id=\"2fc8f28\" data-element_type=\"widget\" data-widget_type=\"text-editor.default\">\n\t\t\t\t<div class=\"elementor-widget-container\">\n\t\t\t\t\t<div class=\"elementor-text-editor elementor-clearfix\"><p>Sodefor \u00a0a sign\u00e9, depuis janvier 2023 une Convention de Collaboration de 5 ans renouvelables, avec l\u2019\u00c9cole R\u00e9gionale Post Universitaire d\u2019Am\u00e9nagement et de Gestion Int\u00e9gr\u00e9e des For\u00eats et Territoires Tropicaux (ERAIFT).<\/p><p>Cette \u00c9cole R\u00e9gionale est soutenue par l\u2019UNESCO. Cette collaboration vise \u00e0 \u00e9tablir une synergie solide entre les institutions pour le renforcement des pratiques sur la gestion durable des for\u00eats en RDC. Dans le cadre de cet accord, des \u00e9tudiants doctorants pourront r\u00e9aliser leurs recherches sur les sites de la SODEFOR. Le fruit de leur travail scientifique permettra de mieux comprendre le fonctionnement d\u2019une for\u00eat et ses possibilit\u00e9s de valorisation dans un cadre durable.<\/p><\/div>\n\t\t\t\t<\/div>\n\t\t\t\t<\/div>\n\t\t\t\t\t\t<\/div>\n\t\t\t\t\t<\/div>\n\t\t<\/div>\n\t\t\t\t\t\t\t\t<\/div>\n\t\t\t\t\t<\/div>\n\t\t<\/section>\n\t\t\t\t<section class=\"elementor-section elementor-top-section elementor-element elementor-element-641b9a5 elementor-section-boxed elementor-section-height-default elementor-section-height-default\" data-id=\"641b9a5\" data-element_type=\"section\">\n\t\t\t\t\t\t<div class=\"elementor-container elementor-column-gap-default\">\n\t\t\t\t\t\t\t<div class=\"elementor-row\">\n\t\t\t\t\t<div class=\"elementor-column elementor-col-50 elementor-top-column elementor-element elementor-element-a7614ae\" data-id=\"a7614ae\" data-element_type=\"column\">\n\t\t\t<div class=\"elementor-column-wrap elementor-element-populated\">\n\t\t\t\t\t\t\t<div class=\"elementor-widget-wrap\">\n\t\t\t\t\t\t<div class=\"elementor-element elementor-element-93853eb elementor-widget elementor-widget-image\" data-id=\"93853eb\" data-element_type=\"widget\" data-widget_type=\"image.default\">\n\t\t\t\t<div class=\"elementor-widget-container\">\n\t\t\t\t\t<div class=\"elementor-image\">\n\t\t\t\t\t\t\t\t\t\t<img width=\"840\" height=\"630\" src=\"http:\/\/sodefor.net\/wp-content\/uploads\/2023\/06\/Unknown-2-1.jpeg\" class=\"attachment-large size-large\" alt=\"\" loading=\"lazy\" srcset=\"http:\/\/sodefor.net\/wp-content\/uploads\/2023\/06\/Unknown-2-1.jpeg 1024w, http:\/\/sodefor.net\/wp-content\/uploads\/2023\/06\/Unknown-2-1-300x225.jpeg 300w, http:\/\/sodefor.net\/wp-content\/uploads\/2023\/06\/Unknown-2-1-768x576.jpeg 768w, http:\/\/sodefor.net\/wp-content\/uploads\/2023\/06\/Unknown-2-1-16x12.jpeg 16w, http:\/\/sodefor.net\/wp-content\/uploads\/2023\/06\/Unknown-2-1-156x117.jpeg 156w, http:\/\/sodefor.net\/wp-content\/uploads\/2023\/06\/Unknown-2-1-800x600.jpeg 800w\" sizes=\"(max-width: 840px) 100vw, 840px\" \/>\t\t\t\t\t\t\t\t\t\t\t<\/div>\n\t\t\t\t<\/div>\n\t\t\t\t<\/div>\n\t\t\t\t\t\t<\/div>\n\t\t\t\t\t<\/div>\n\t\t<\/div>\n\t\t\t\t<div class=\"elementor-column elementor-col-50 elementor-top-column elementor-element elementor-element-9a64a4e\" data-id=\"9a64a4e\" data-element_type=\"column\">\n\t\t\t<div class=\"elementor-column-wrap elementor-element-populated\">\n\t\t\t\t\t\t\t<div class=\"elementor-widget-wrap\">\n\t\t\t\t\t\t<div class=\"elementor-element elementor-element-b8cf00c elementor-widget elementor-widget-image\" data-id=\"b8cf00c\" data-element_type=\"widget\" data-widget_type=\"image.default\">\n\t\t\t\t<div class=\"elementor-widget-container\">\n\t\t\t\t\t<div class=\"elementor-image\">\n\t\t\t\t\t\t\t\t\t\t<img width=\"840\" height=\"630\" src=\"http:\/\/sodefor.net\/wp-content\/uploads\/2023\/06\/Unknown-3.jpeg\" class=\"attachment-large size-large\" alt=\"\" loading=\"lazy\" srcset=\"http:\/\/sodefor.net\/wp-content\/uploads\/2023\/06\/Unknown-3.jpeg 1024w, http:\/\/sodefor.net\/wp-content\/uploads\/2023\/06\/Unknown-3-300x225.jpeg 300w, http:\/\/sodefor.net\/wp-content\/uploads\/2023\/06\/Unknown-3-768x576.jpeg 768w, http:\/\/sodefor.net\/wp-content\/uploads\/2023\/06\/Unknown-3-16x12.jpeg 16w, http:\/\/sodefor.net\/wp-content\/uploads\/2023\/06\/Unknown-3-156x117.jpeg 156w, http:\/\/sodefor.net\/wp-content\/uploads\/2023\/06\/Unknown-3-800x600.jpeg 800w\" sizes=\"(max-width: 840px) 100vw, 840px\" \/>\t\t\t\t\t\t\t\t\t\t\t<\/div>\n\t\t\t\t<\/div>\n\t\t\t\t<\/div>\n\t\t\t\t\t\t<\/div>\n\t\t\t\t\t<\/div>\n\t\t<\/div>\n\t\t\t\t\t\t\t\t<\/div>\n\t\t\t\t\t<\/div>\n\t\t<\/section>\n\t\t\t\t<section class=\"elementor-section elementor-top-section elementor-element elementor-element-4232f44 elementor-section-boxed elementor-section-height-default elementor-section-height-default\" data-id=\"4232f44\" data-element_type=\"section\">\n\t\t\t\t\t\t<div class=\"elementor-container elementor-column-gap-default\">\n\t\t\t\t\t\t\t<div class=\"elementor-row\">\n\t\t\t\t\t<div class=\"elementor-column elementor-col-100 elementor-top-column elementor-element elementor-element-8225f64\" data-id=\"8225f64\" data-element_type=\"column\">\n\t\t\t<div class=\"elementor-column-wrap elementor-element-populated\">\n\t\t\t\t\t\t\t<div class=\"elementor-widget-wrap\">\n\t\t\t\t\t\t<div class=\"elementor-element elementor-element-2259495 elementor-widget elementor-widget-text-editor\" data-id=\"2259495\" data-element_type=\"widget\" data-widget_type=\"text-editor.default\">\n\t\t\t\t<div class=\"elementor-widget-container\">\n\t\t\t\t\t<div class=\"elementor-text-editor elementor-clearfix\"><p style=\"border-width: medium; border-style: none;\">Chacune de ces \u00e9tudes tiendra compte des aspects sociaux qui sont incontournables. Les premiers doctorants, qui seront prochainement d\u00e9ploy\u00e9s pour une dur\u00e9e de 3 ans, travailleront pour approfondir les sujets suivants :<\/p><p style=\"border-width: medium; border-style: none;\">\u2013 Suivi par t\u00e9l\u00e9d\u00e9tection de la d\u00e9gradation des for\u00eats par l\u2019exploitation s\u00e9lective des bois d\u2019\u0153uvre et bois \u00e9nergie dans le paysage de la R\u00e9serve de Biosph\u00e8re de Yangambi ;<\/p><p style=\"border-width: medium; border-style: none;\">\u2013 Valorisation des esp\u00e8ces ligneuses moins connues en R\u00e9publique D\u00e9mocratique du Congo.<\/p><\/div>\n\t\t\t\t<\/div>\n\t\t\t\t<\/div>\n\t\t\t\t\t\t<\/div>\n\t\t\t\t\t<\/div>\n\t\t<\/div>\n\t\t\t\t\t\t\t\t<\/div>\n\t\t\t\t\t<\/div>\n\t\t<\/section>\n\t\t\t\t<section class=\"elementor-section elementor-top-section elementor-element elementor-element-438657a elementor-section-boxed elementor-section-height-default elementor-section-height-default\" data-id=\"438657a\" data-element_type=\"section\">\n\t\t\t\t\t\t<div class=\"elementor-container elementor-column-gap-default\">\n\t\t\t\t\t\t\t<div class=\"elementor-row\">\n\t\t\t\t\t<div class=\"elementor-column elementor-col-50 elementor-top-column elementor-element elementor-element-f041655\" data-id=\"f041655\" data-element_type=\"column\">\n\t\t\t<div class=\"elementor-column-wrap elementor-element-populated\">\n\t\t\t\t\t\t\t<div class=\"elementor-widget-wrap\">\n\t\t\t\t\t\t<div class=\"elementor-element elementor-element-91c3463 elementor-widget elementor-widget-image\" data-id=\"91c3463\" data-element_type=\"widget\" data-widget_type=\"image.default\">\n\t\t\t\t<div class=\"elementor-widget-container\">\n\t\t\t\t\t<div class=\"elementor-image\">\n\t\t\t\t\t\t\t\t\t\t<img width=\"768\" height=\"1024\" src=\"http:\/\/sodefor.net\/wp-content\/uploads\/2023\/06\/Unknown.jpeg\" class=\"attachment-large size-large\" alt=\"\" loading=\"lazy\" srcset=\"http:\/\/sodefor.net\/wp-content\/uploads\/2023\/06\/Unknown.jpeg 768w, http:\/\/sodefor.net\/wp-content\/uploads\/2023\/06\/Unknown-225x300.jpeg 225w, http:\/\/sodefor.net\/wp-content\/uploads\/2023\/06\/Unknown-9x12.jpeg 9w\" sizes=\"(max-width: 768px) 100vw, 768px\" \/>\t\t\t\t\t\t\t\t\t\t\t<\/div>\n\t\t\t\t<\/div>\n\t\t\t\t<\/div>\n\t\t\t\t\t\t<\/div>\n\t\t\t\t\t<\/div>\n\t\t<\/div>\n\t\t\t\t<div class=\"elementor-column elementor-col-50 elementor-top-column elementor-element elementor-element-15df2d1\" data-id=\"15df2d1\" data-element_type=\"column\">\n\t\t\t<div class=\"elementor-column-wrap elementor-element-populated\">\n\t\t\t\t\t\t\t<div class=\"elementor-widget-wrap\">\n\t\t\t\t\t\t<div class=\"elementor-element elementor-element-f9252d7 elementor-widget elementor-widget-image\" data-id=\"f9252d7\" data-element_type=\"widget\" data-widget_type=\"image.default\">\n\t\t\t\t<div class=\"elementor-widget-container\">\n\t\t\t\t\t<div class=\"elementor-image\">\n\t\t\t\t\t\t\t\t\t\t<img width=\"768\" height=\"1024\" src=\"http:\/\/sodefor.net\/wp-content\/uploads\/2023\/06\/Unknown-4.jpeg\" class=\"attachment-large size-large\" alt=\"\" loading=\"lazy\" srcset=\"http:\/\/sodefor.net\/wp-content\/uploads\/2023\/06\/Unknown-4.jpeg 768w, http:\/\/sodefor.net\/wp-content\/uploads\/2023\/06\/Unknown-4-225x300.jpeg 225w, http:\/\/sodefor.net\/wp-content\/uploads\/2023\/06\/Unknown-4-9x12.jpeg 9w\" sizes=\"(max-width: 768px) 100vw, 768px\" \/>\t\t\t\t\t\t\t\t\t\t\t<\/div>\n\t\t\t\t<\/div>\n\t\t\t\t<\/div>\n\t\t\t\t\t\t<\/div>\n\t\t\t\t\t<\/div>\n\t\t<\/div>\n\t\t\t\t\t\t\t\t<\/div>\n\t\t\t\t\t<\/div>\n\t\t<\/section>\n\t\t\t\t\t\t<\/div>\n\t\t\t\t\t\t<\/div>\n\t\t\t\t\t<\/div>","protected":false},"excerpt":{"rendered":"<p>Sodefor \u00a0a sign\u00e9, depuis janvier 2023 une Convention de Collaboration de 5 ans renouvelables, avec l\u2019\u00c9cole R\u00e9gionale Post Universitaire d\u2019Am\u00e9nagement et de Gestion Int\u00e9gr\u00e9e des For\u00eats et Territoires Tropicaux (ERAIFT). Cette \u00c9cole R\u00e9gionale est soutenue par l\u2019UNESCO. Cette collaboration vise&#8230;<br \/><a class=\"read-more-button\" href=\"http:\/\/sodefor.net\/en\/sodefor-et-eraift\/\">Read more<\/a><\/p>","protected":false},"author":1,"featured_media":0,"parent":0,"menu_order":0,"comment_status":"closed","ping_status":"closed","template":"","meta":[],"_links":{"self":[{"href":"http:\/\/sodefor.net\/en\/wp-json\/wp\/v2\/pages\/29645"}],"collection":[{"href":"http:\/\/sodefor.net\/en\/wp-json\/wp\/v2\/pages"}],"about":[{"href":"http:\/\/sodefor.net\/en\/wp-json\/wp\/v2\/types\/page"}],"author":[{"embeddable":true,"href":"http:\/\/sodefor.net\/en\/wp-json\/wp\/v2\/users\/1"}],"replies":[{"embeddable":true,"href":"http:\/\/sodefor.net\/en\/wp-json\/wp\/v2\/comments?post=29645"}],"version-history":[{"count":5,"href":"http:\/\/sodefor.net\/en\/wp-json\/wp\/v2\/pages\/29645\/revisions"}],"predecessor-version":[{"id":29655,"href":"http:\/\/sodefor.net\/en\/wp-json\/wp\/v2\/pages\/29645\/revisions\/29655"}],"wp:attachment":[{"href":"http:\/\/sodefor.net\/en\/wp-json\/wp\/v2\/media?parent=29645"}],"curies":[{"name":"wp","href":"https:\/\/api.w.org\/{rel}","templated":true}]}}