{"id":39,"date":"2017-02-16T09:16:01","date_gmt":"2017-02-16T08:16:01","guid":{"rendered":"http:\/\/mxajfmgl.preview.infomaniak.website\/?page_id=39"},"modified":"2018-06-14T12:11:55","modified_gmt":"2018-06-14T10:11:55","slug":"produit","status":"publish","type":"page","link":"http:\/\/sodefor.net\/en\/produit\/","title":{"rendered":"Our Products"},"content":{"rendered":"<div data-elementor-type=\"wp-post\" data-elementor-id=\"39\" class=\"elementor elementor-39 elementor-bc-flex-widget\" data-elementor-settings=\"[]\">\n\t\t\t\t\t\t<div class=\"elementor-inner\">\n\t\t\t\t\t\t\t<div class=\"elementor-section-wrap\">\n\t\t\t\t\t\t\t<section class=\"elementor-section elementor-top-section elementor-element elementor-element-b45809d elementor-section-boxed elementor-section-height-default elementor-section-height-default\" data-id=\"b45809d\" data-element_type=\"section\">\n\t\t\t\t\t\t<div class=\"elementor-container elementor-column-gap-default\">\n\t\t\t\t\t\t\t<div class=\"elementor-row\">\n\t\t\t\t\t<div class=\"elementor-column elementor-col-100 elementor-top-column elementor-element elementor-element-5c83f7d3\" data-id=\"5c83f7d3\" data-element_type=\"column\">\n\t\t\t<div class=\"elementor-column-wrap elementor-element-populated\">\n\t\t\t\t\t\t\t<div class=\"elementor-widget-wrap\">\n\t\t\t\t\t\t<div class=\"elementor-element elementor-element-6ede6fab elementor-widget elementor-widget-text-editor\" data-id=\"6ede6fab\" data-element_type=\"widget\" data-widget_type=\"text-editor.default\">\n\t\t\t\t<div class=\"elementor-widget-container\">\n\t\t\t\t\t<div class=\"elementor-text-editor elementor-clearfix\"><p>More than 500 species of trees have been identified in the concessions we manage, many of which have no commercial value, and others of which are protected.<br \/>The most important commercial species are:<\/p><p>Acajou d\u2019Afrique, Afrormosia, Bilinga, Bomanga, Boss\u00e9, Bubinga, Dibetou, Difou, Doussie, Iatandza, Iroko, Kosipo, Longhi, Moabi, Mukulungu, Niov\u00e9, Padouk, Sapelli, Sipo, Tali, Tiama, Tola, Wenge<br \/>We export logs as well as sawings, and for the regional market, we manufacture plywood of all widths up to 25mm.<\/p><p>We also operate, both in Nioki and in Kinshasa, very complete woodworking lines, which produce all kinds of furniture, doors, windows, etc. which we sell on the local market, and which also meet all our own needs with regards to repairing, arranging, and furnishing our own buildings and\/or employee camps.<\/p><p>Finally, Sodefor runs a wooden home fabrication line, which currently use to provide lodgings for our workers.<\/p><\/div>\n\t\t\t\t<\/div>\n\t\t\t\t<\/div>\n\t\t\t\t\t\t<\/div>\n\t\t\t\t\t<\/div>\n\t\t<\/div>\n\t\t\t\t\t\t\t\t<\/div>\n\t\t\t\t\t<\/div>\n\t\t<\/section>\n\t\t\t\t\t\t<\/div>\n\t\t\t\t\t\t<\/div>\n\t\t\t\t\t<\/div>","protected":false},"excerpt":{"rendered":"<p>Dans les concessions que nous g\u00e9rons, sont identifi\u00e9es plus de 500 esp\u00e8ces d\u2019arbres, dont beaucoup n&rsquo;ont pas de valeur commerciale et d\u2019autres sont prot\u00e9g\u00e9es.Les plus importantes, du point de vue commercial, sont : Acajou d\u2019Afrique, Afrormosia, Bilinga, Bomanga, Boss\u00e9, Bubinga,&#8230;<br \/><a class=\"read-more-button\" href=\"http:\/\/sodefor.net\/en\/produit\/\">Read more<\/a><\/p>","protected":false},"author":1,"featured_media":0,"parent":0,"menu_order":0,"comment_status":"closed","ping_status":"closed","template":"","meta":[],"_links":{"self":[{"href":"http:\/\/sodefor.net\/en\/wp-json\/wp\/v2\/pages\/39"}],"collection":[{"href":"http:\/\/sodefor.net\/en\/wp-json\/wp\/v2\/pages"}],"about":[{"href":"http:\/\/sodefor.net\/en\/wp-json\/wp\/v2\/types\/page"}],"author":[{"embeddable":true,"href":"http:\/\/sodefor.net\/en\/wp-json\/wp\/v2\/users\/1"}],"replies":[{"embeddable":true,"href":"http:\/\/sodefor.net\/en\/wp-json\/wp\/v2\/comments?post=39"}],"version-history":[{"count":10,"href":"http:\/\/sodefor.net\/en\/wp-json\/wp\/v2\/pages\/39\/revisions"}],"predecessor-version":[{"id":29444,"href":"http:\/\/sodefor.net\/en\/wp-json\/wp\/v2\/pages\/39\/revisions\/29444"}],"wp:attachment":[{"href":"http:\/\/sodefor.net\/en\/wp-json\/wp\/v2\/media?parent=39"}],"curies":[{"name":"wp","href":"https:\/\/api.w.org\/{rel}","templated":true}]}}